{"id":43685,"date":"2021-12-03T11:39:28","date_gmt":"2021-12-03T10:39:28","guid":{"rendered":"https:\/\/www.act-thielmann.at\/?page_id=43685"},"modified":"2024-03-06T14:53:55","modified_gmt":"2024-03-06T13:53:55","slug":"43685-2","status":"publish","type":"page","link":"https:\/\/www.act-thielmann.at\/en\/43685-2\/","title":{"rendered":""},"content":{"rendered":"<div  class='flex_column av-av_one_full-516b7eac7a9c6cd1b746245801c7486c av_one_full  avia-builder-el-0  avia-builder-el-no-sibling  first flex_column_div  '     ><p><section  class='av_textblock_section av-ltfv0ryl-940d0b86aa9ef9581e0c15bbb1b33434 '   itemscope=\"itemscope\" itemtype=\"https:\/\/schema.org\/CreativeWork\" ><div class='avia_textblock'  itemprop=\"text\" ><p><strong>Do you need support for a display we have delivered? <\/strong><\/p>\n<p>Send us your message and your request will be processed immediately.<\/p>\n<div id=\"gtx-trans\" style=\"position: absolute; left: -27px; top: -11.4062px;\">\n<div class=\"gtx-trans-icon\">&nbsp;<\/div>\n<\/div>\n<\/div><\/section><br \/>\n<section  class='av_textblock_section av-av_textblock-c6b7a4b067e848ede80149aa7719f0c9 '   itemscope=\"itemscope\" itemtype=\"https:\/\/schema.org\/CreativeWork\" ><div class='avia_textblock'  itemprop=\"text\" >\n<div class=\"wpcf7 no-js\" id=\"wpcf7-f43689-o1\" lang=\"de-DE\" dir=\"ltr\" data-wpcf7-id=\"43689\">\n<div class=\"screen-reader-response\"><p role=\"status\" aria-live=\"polite\" aria-atomic=\"true\"><\/p> <ul><\/ul><\/div>\n<form action=\"\/en\/wp-json\/wp\/v2\/pages\/43685#wpcf7-f43689-o1\" method=\"post\" class=\"wpcf7-form init\" aria-label=\"Kontaktformular\" novalidate=\"novalidate\" data-status=\"init\">\n<fieldset class=\"hidden-fields-container\"><input type=\"hidden\" name=\"_wpcf7\" value=\"43689\" \/><input type=\"hidden\" name=\"_wpcf7_version\" value=\"6.1.5\" \/><input type=\"hidden\" name=\"_wpcf7_locale\" value=\"de_DE\" \/><input type=\"hidden\" name=\"_wpcf7_unit_tag\" value=\"wpcf7-f43689-o1\" \/><input type=\"hidden\" name=\"_wpcf7_container_post\" value=\"0\" \/><input type=\"hidden\" name=\"_wpcf7_posted_data_hash\" value=\"\" \/><input type=\"hidden\" name=\"_wpcf7_recaptcha_response\" value=\"\" \/>\n<\/fieldset>\n<p>Ihr Name *\n<\/p>\n<p><span class=\"wpcf7-form-control-wrap\" data-name=\"your-name\"><input size=\"40\" maxlength=\"400\" class=\"wpcf7-form-control wpcf7-text wpcf7-validates-as-required text_input\" aria-required=\"true\" aria-invalid=\"false\" value=\"\" type=\"text\" name=\"your-name\" \/><\/span>\n<\/p>\n<p>Firma\n<\/p>\n<p><span class=\"wpcf7-form-control-wrap\" data-name=\"firma\"><input size=\"40\" maxlength=\"400\" class=\"wpcf7-form-control wpcf7-text text_input\" aria-invalid=\"false\" value=\"\" type=\"text\" name=\"firma\" \/><\/span>\n<\/p>\n<p>Telefon *\n<\/p>\n<p><span class=\"wpcf7-form-control-wrap\" data-name=\"tel-38\"><input size=\"40\" maxlength=\"400\" class=\"wpcf7-form-control wpcf7-tel wpcf7-validates-as-required wpcf7-text wpcf7-validates-as-tel text_input\" aria-required=\"true\" aria-invalid=\"false\" value=\"\" type=\"tel\" name=\"tel-38\" \/><\/span>\n<\/p>\n<p>Ihre E-Mail-Adresse *\n<\/p>\n<p><span class=\"wpcf7-form-control-wrap\" data-name=\"your-email\"><input size=\"40\" maxlength=\"400\" class=\"wpcf7-form-control wpcf7-email wpcf7-validates-as-required wpcf7-text wpcf7-validates-as-email text_input\" aria-required=\"true\" aria-invalid=\"false\" value=\"\" type=\"email\" name=\"your-email\" \/><\/span>\n<\/p>\n<p>Priorit\u00e4t\n<\/p>\n<p><span class=\"wpcf7-form-control-wrap\" data-name=\"priority\"><span class=\"wpcf7-form-control wpcf7-radio\"><span class=\"wpcf7-list-item first\"><input type=\"radio\" name=\"priority\" value=\"sehr dringend\" \/><span class=\"wpcf7-list-item-label\">sehr dringend<\/span><\/span><span class=\"wpcf7-list-item last\"><input type=\"radio\" name=\"priority\" value=\"weniger dringend\" checked=\"checked\" \/><span class=\"wpcf7-list-item-label\">weniger dringend<\/span><\/span><\/span><\/span>\n<\/p>\n<hr \/>\n<p>Wartungsvertrag oder Kosten\u00fcbernahme *\n<\/p>\n<p><span class=\"wpcf7-form-control-wrap\" data-name=\"menu_WV_Kosten\"><select class=\"wpcf7-form-control wpcf7-select wpcf7-validates-as-required\" aria-required=\"true\" aria-invalid=\"false\" name=\"menu_WV_Kosten\"><option value=\"Ich best\u00e4tige die anfallenden Kosten f\u00fcr die Supportanfrage von 38,- EUR f\u00fcr die Ausl\u00f6sung und 2,50 EUR pro Minute Gespr\u00e4chszeit.\">Ich best\u00e4tige die anfallenden Kosten f\u00fcr die Supportanfrage von 38,- EUR f\u00fcr die Ausl\u00f6sung und 2,50 EUR pro Minute Gespr\u00e4chszeit.<\/option><option value=\"Ich habe eine Wartungsvertragsnummer\">Ich habe eine Wartungsvertragsnummer<\/option><\/select><\/span>\n<\/p>\n<p>Ihre Wartungsvertragsnummer\n<\/p>\n<p><span class=\"wpcf7-form-control-wrap\" data-name=\"WartungsvertragsNummer\"><input size=\"40\" maxlength=\"400\" class=\"wpcf7-form-control wpcf7-text\" aria-invalid=\"false\" value=\"\" type=\"text\" name=\"WartungsvertragsNummer\" \/><\/span>\n<\/p>\n<p>Ihre Rechnugsadresse (Falls keine Wartungsvertragsnummer)\n<\/p>\n<p><span class=\"wpcf7-form-control-wrap\" data-name=\"Rechnungsadresse\"><textarea cols=\"40\" rows=\"10\" maxlength=\"2000\" class=\"wpcf7-form-control wpcf7-textarea\" aria-invalid=\"false\" name=\"Rechnungsadresse\"><\/textarea><\/span><br \/>\n<hr \/>\n<\/p>\n<p>In welcher Angelegenheit d\u00fcrfen wir Sie unterst\u00fctzen? *\n<\/p>\n<p><span class=\"wpcf7-form-control-wrap\" data-name=\"your-message\"><textarea cols=\"40\" rows=\"10\" maxlength=\"2000\" class=\"wpcf7-form-control wpcf7-textarea wpcf7-validates-as-required\" aria-required=\"true\" aria-invalid=\"false\" name=\"your-message\"><\/textarea><\/span>\n<\/p>\n<p><span class=\"wpcf7-form-control-wrap\" data-name=\"acceptance-Datenschutz\"><span class=\"wpcf7-form-control wpcf7-acceptance\"><span class=\"wpcf7-list-item\"><label><input type=\"checkbox\" name=\"acceptance-Datenschutz\" value=\"1\" checked=\"checked\" aria-invalid=\"false\" \/><span class=\"wpcf7-list-item-label\">Sie erkl\u00e4ren sich damit einverstanden, dass Ihre Daten zur Bearbeitung Ihres Anliegens verwendet werden. Weitere Informationen finden Sie in der <a href=\"\/datenschutz\/\" target=\"_blank\">Datenschutzerkl\u00e4rung<\/a>.<\/span><\/label><\/span><\/span><\/span>\n<\/p>\n<div id=\"versteckt\">\n\t<p><span class=\"wpcf7-form-control-wrap\" data-name=\"referenzseite\"><input size=\"40\" maxlength=\"400\" class=\"wpcf7-form-control wpcf7-text referenzseite\" aria-invalid=\"false\" value=\"\" type=\"text\" name=\"referenzseite\" \/><\/span>\n\t<\/p>\n<\/div>\n<p><input class=\"wpcf7-form-control wpcf7-submit has-spinner\" type=\"submit\" value=\"Senden\" \/>\n<\/p><div class=\"wpcf7-response-output\" aria-hidden=\"true\"><\/div>\n<\/form>\n<\/div>\n\n<\/div><\/section><\/p><\/div>\n","protected":false},"excerpt":{"rendered":"","protected":false},"author":2,"featured_media":0,"parent":0,"menu_order":60,"comment_status":"closed","ping_status":"closed","template":"","meta":{"ngg_post_thumbnail":0,"footnotes":""},"news":[],"class_list":["post-43685","page","type-page","status-publish","hentry"],"yoast_head":"<!-- This site is optimized with the Yoast SEO Premium plugin v27.3 (Yoast SEO v27.5) - https:\/\/yoast.com\/product\/yoast-seo-premium-wordpress\/ -->\n<title>ACT GmbH LED-Displays -<\/title>\n<meta name=\"robots\" content=\"index, follow, max-snippet:-1, max-image-preview:large, max-video-preview:-1\" \/>\n<link rel=\"canonical\" href=\"https:\/\/www.act-thielmann.at\/en\/43685-2\/\" \/>\n<meta property=\"og:locale\" content=\"en_US\" \/>\n<meta property=\"og:type\" content=\"article\" \/>\n<meta property=\"og:url\" content=\"https:\/\/www.act-thielmann.at\/en\/43685-2\/\" \/>\n<meta property=\"og:site_name\" content=\"ACT GmbH LED-Displays\" \/>\n<meta property=\"article:publisher\" content=\"https:\/\/www.facebook.com\/videowand\" \/>\n<meta property=\"article:modified_time\" content=\"2024-03-06T13:53:55+00:00\" \/>\n<meta property=\"og:image\" content=\"https:\/\/www.act-thielmann.at\/wp\/wp-content\/uploads\/2023\/02\/praterdome1.jpg\" \/>\n\t<meta property=\"og:image:width\" content=\"1475\" \/>\n\t<meta property=\"og:image:height\" content=\"803\" \/>\n\t<meta property=\"og:image:type\" content=\"image\/jpeg\" \/>\n<meta name=\"twitter:card\" content=\"summary_large_image\" \/>\n<meta name=\"twitter:site\" content=\"@videowand\" \/>\n<meta name=\"twitter:label1\" content=\"Est. reading time\" \/>\n\t<meta name=\"twitter:data1\" content=\"1 minute\" \/>\n<script type=\"application\/ld+json\" class=\"yoast-schema-graph\">{\"@context\":\"https:\\\/\\\/schema.org\",\"@graph\":[{\"@type\":\"WebPage\",\"@id\":\"https:\\\/\\\/www.act-thielmann.at\\\/en\\\/43685-2\\\/\",\"url\":\"https:\\\/\\\/www.act-thielmann.at\\\/en\\\/43685-2\\\/\",\"name\":\"ACT GmbH LED-Displays -\",\"isPartOf\":{\"@id\":\"https:\\\/\\\/www.act-thielmann.at\\\/#website\"},\"datePublished\":\"2021-12-03T10:39:28+00:00\",\"dateModified\":\"2024-03-06T13:53:55+00:00\",\"inLanguage\":\"en-US\",\"potentialAction\":[{\"@type\":\"ReadAction\",\"target\":[\"https:\\\/\\\/www.act-thielmann.at\\\/en\\\/43685-2\\\/\"]}]},{\"@type\":\"WebSite\",\"@id\":\"https:\\\/\\\/www.act-thielmann.at\\\/#website\",\"url\":\"https:\\\/\\\/www.act-thielmann.at\\\/\",\"name\":\"ACT GmbH LED-Displays\",\"description\":\"\",\"publisher\":{\"@id\":\"https:\\\/\\\/www.act-thielmann.at\\\/#organization\"},\"potentialAction\":[{\"@type\":\"SearchAction\",\"target\":{\"@type\":\"EntryPoint\",\"urlTemplate\":\"https:\\\/\\\/www.act-thielmann.at\\\/?s={search_term_string}\"},\"query-input\":{\"@type\":\"PropertyValueSpecification\",\"valueRequired\":true,\"valueName\":\"search_term_string\"}}],\"inLanguage\":\"en-US\"},{\"@type\":\"Organization\",\"@id\":\"https:\\\/\\\/www.act-thielmann.at\\\/#organization\",\"name\":\"ACT Anzeige- & Informationstechnik GmbH.\",\"url\":\"https:\\\/\\\/www.act-thielmann.at\\\/\",\"logo\":{\"@type\":\"ImageObject\",\"inLanguage\":\"en-US\",\"@id\":\"https:\\\/\\\/www.act-thielmann.at\\\/#\\\/schema\\\/logo\\\/image\\\/\",\"url\":\"https:\\\/\\\/www.act-thielmann.at\\\/wp\\\/wp-content\\\/uploads\\\/2023\\\/02\\\/ACT_logo_dunkel_600x600.jpg\",\"contentUrl\":\"https:\\\/\\\/www.act-thielmann.at\\\/wp\\\/wp-content\\\/uploads\\\/2023\\\/02\\\/ACT_logo_dunkel_600x600.jpg\",\"width\":600,\"height\":600,\"caption\":\"ACT Anzeige- & Informationstechnik GmbH.\"},\"image\":{\"@id\":\"https:\\\/\\\/www.act-thielmann.at\\\/#\\\/schema\\\/logo\\\/image\\\/\"},\"sameAs\":[\"https:\\\/\\\/www.facebook.com\\\/videowand\",\"https:\\\/\\\/x.com\\\/videowand\"]}]}<\/script>\n<!-- \/ Yoast SEO Premium plugin. -->","yoast_head_json":{"title":"ACT GmbH LED-Displays -","robots":{"index":"index","follow":"follow","max-snippet":"max-snippet:-1","max-image-preview":"max-image-preview:large","max-video-preview":"max-video-preview:-1"},"canonical":"https:\/\/www.act-thielmann.at\/en\/43685-2\/","og_locale":"en_US","og_type":"article","og_url":"https:\/\/www.act-thielmann.at\/en\/43685-2\/","og_site_name":"ACT GmbH LED-Displays","article_publisher":"https:\/\/www.facebook.com\/videowand","article_modified_time":"2024-03-06T13:53:55+00:00","og_image":[{"width":1475,"height":803,"url":"https:\/\/www.act-thielmann.at\/wp\/wp-content\/uploads\/2023\/02\/praterdome1.jpg","type":"image\/jpeg"}],"twitter_card":"summary_large_image","twitter_site":"@videowand","twitter_misc":{"Est. reading time":"1 minute"},"schema":{"@context":"https:\/\/schema.org","@graph":[{"@type":"WebPage","@id":"https:\/\/www.act-thielmann.at\/en\/43685-2\/","url":"https:\/\/www.act-thielmann.at\/en\/43685-2\/","name":"ACT GmbH LED-Displays -","isPartOf":{"@id":"https:\/\/www.act-thielmann.at\/#website"},"datePublished":"2021-12-03T10:39:28+00:00","dateModified":"2024-03-06T13:53:55+00:00","inLanguage":"en-US","potentialAction":[{"@type":"ReadAction","target":["https:\/\/www.act-thielmann.at\/en\/43685-2\/"]}]},{"@type":"WebSite","@id":"https:\/\/www.act-thielmann.at\/#website","url":"https:\/\/www.act-thielmann.at\/","name":"ACT GmbH LED-Displays","description":"","publisher":{"@id":"https:\/\/www.act-thielmann.at\/#organization"},"potentialAction":[{"@type":"SearchAction","target":{"@type":"EntryPoint","urlTemplate":"https:\/\/www.act-thielmann.at\/?s={search_term_string}"},"query-input":{"@type":"PropertyValueSpecification","valueRequired":true,"valueName":"search_term_string"}}],"inLanguage":"en-US"},{"@type":"Organization","@id":"https:\/\/www.act-thielmann.at\/#organization","name":"ACT Anzeige- & Informationstechnik GmbH.","url":"https:\/\/www.act-thielmann.at\/","logo":{"@type":"ImageObject","inLanguage":"en-US","@id":"https:\/\/www.act-thielmann.at\/#\/schema\/logo\/image\/","url":"https:\/\/www.act-thielmann.at\/wp\/wp-content\/uploads\/2023\/02\/ACT_logo_dunkel_600x600.jpg","contentUrl":"https:\/\/www.act-thielmann.at\/wp\/wp-content\/uploads\/2023\/02\/ACT_logo_dunkel_600x600.jpg","width":600,"height":600,"caption":"ACT Anzeige- & Informationstechnik GmbH."},"image":{"@id":"https:\/\/www.act-thielmann.at\/#\/schema\/logo\/image\/"},"sameAs":["https:\/\/www.facebook.com\/videowand","https:\/\/x.com\/videowand"]}]}},"amp_enabled":true,"_links":{"self":[{"href":"https:\/\/www.act-thielmann.at\/en\/wp-json\/wp\/v2\/pages\/43685","targetHints":{"allow":["GET"]}}],"collection":[{"href":"https:\/\/www.act-thielmann.at\/en\/wp-json\/wp\/v2\/pages"}],"about":[{"href":"https:\/\/www.act-thielmann.at\/en\/wp-json\/wp\/v2\/types\/page"}],"author":[{"embeddable":true,"href":"https:\/\/www.act-thielmann.at\/en\/wp-json\/wp\/v2\/users\/2"}],"replies":[{"embeddable":true,"href":"https:\/\/www.act-thielmann.at\/en\/wp-json\/wp\/v2\/comments?post=43685"}],"version-history":[{"count":0,"href":"https:\/\/www.act-thielmann.at\/en\/wp-json\/wp\/v2\/pages\/43685\/revisions"}],"wp:attachment":[{"href":"https:\/\/www.act-thielmann.at\/en\/wp-json\/wp\/v2\/media?parent=43685"}],"wp:term":[{"taxonomy":"news","embeddable":true,"href":"https:\/\/www.act-thielmann.at\/en\/wp-json\/wp\/v2\/news?post=43685"}],"curies":[{"name":"wp","href":"https:\/\/api.w.org\/{rel}","templated":true}]}}