{"id":35997,"date":"2015-08-10T16:43:53","date_gmt":"2015-08-10T15:43:53","guid":{"rendered":"http:\/\/www.act-thielmann.at\/products\/led-displays\/led-videowalls\/led-glasdisplays\/"},"modified":"2025-07-09T10:30:13","modified_gmt":"2025-07-09T09:30:13","slug":"led-glasdisplays","status":"publish","type":"page","link":"https:\/\/www.act-thielmann.at\/en\/products\/led-displays\/led-videowalls\/led-glasdisplays\/","title":{"rendered":"LED-Glasdisplays"},"content":{"rendered":"\n<style type=\"text\/css\" data-created_by=\"avia_inline_auto\" id=\"style-css-av-lshrtqd-00f72685f8171bbefd88be00b313e45b\">\n#top .av-special-heading.av-lshrtqd-00f72685f8171bbefd88be00b313e45b{\npadding-bottom:10px;\n}\nbody .av-special-heading.av-lshrtqd-00f72685f8171bbefd88be00b313e45b .av-special-heading-tag .heading-char{\nfont-size:25px;\n}\n.av-special-heading.av-lshrtqd-00f72685f8171bbefd88be00b313e45b .av-subheading{\nfont-size:15px;\n}\n<\/style>\n<div  class='av-special-heading av-lshrtqd-00f72685f8171bbefd88be00b313e45b av-special-heading-h3  avia-builder-el-0  el_before_av_one_half  avia-builder-el-first '><h3 class='av-special-heading-tag '  itemprop=\"headline\"  >LED-Glasdisplays, Videow\u00e4nde mit Durchblick<\/h3><div class=\"special-heading-border\"><div class=\"special-heading-inner-border\"><\/div><\/div><\/div>\n\n<style type=\"text\/css\" data-created_by=\"avia_inline_auto\" id=\"style-css-av-l7xylfp-4be4ee8d334e98f77789cdc5be0d4edd\">\n.flex_column.av-l7xylfp-4be4ee8d334e98f77789cdc5be0d4edd{\nborder-radius:0px 0px 0px 0px;\npadding:0px 0px 0px 0px;\n}\n<\/style>\n<div  class='flex_column av-l7xylfp-4be4ee8d334e98f77789cdc5be0d4edd av_one_half  avia-builder-el-1  el_after_av_heading  el_before_av_one_half  first flex_column_div av-zero-column-padding  '     ><p><section  class='av_textblock_section av-krwzf39-6e361d4c42ec4da5f9049e1bc890b44c '   itemscope=\"itemscope\" itemtype=\"https:\/\/schema.org\/CreativeWork\" ><div class='avia_textblock'  itemprop=\"text\" ><p>\u00c4sthetisch integrierte LED-Glasdisplays<\/p>\n<p>Die Bezeichnung LED-Glasdisplays steht f\u00fcr durchsichtige Displays, somit transparent wie Glas. Als Tr\u00e4ger wird Glas aber nicht ben\u00f6tigt, da die Displays sonst viel zu schwer w\u00e4ren. Hauchd\u00fcnne Printplatten mit frontseitig positionierten SMD 3 in 1 Leds werden \u00e4hnlich einer Jalousie waagrecht mit Abstand \u00fcbereinander betrieben. Auch transparente LED-Videofolien k\u00f6nnen eingesetzt werden.<\/p>\n<h4>In modernen St\u00e4dten pr\u00e4gen immer mehr&nbsp;Glasfassaden das Stadtbild<\/h4>\n<p>Diese k\u00f6nnen perfekt mit unseren lichtdurchl\u00e4ssigen LED-Glasdisplays gen\u00fctzten werden k\u00f6nnen. Mit einer Transparenz von bis zu 90% wird so gut wie kein Licht weggenommen. Ideal, wenn dahinter Verkaufsr\u00e4ume oder B\u00fcros sind, welche selbstverst\u00e4ndlich durch eine LED-Videowand nicht abgedunkelt werden sollen. Die gro\u00dfen Glasfl\u00e4chen k\u00f6nnen direkt ohne zus\u00e4tzlicher Unterkonstruktion genutzt werden, da unsere neuen, glasklaren&nbsp;LED-Fl\u00e4chen auch direkt innen an der Glasfl\u00e4che fixiert werden k\u00f6nnen.&nbsp;Aufw\u00e4ndige Outdoor-Montagen fallen weg, komplizierte Wartungen von au\u00dfen sind nicht notwendig.<\/p>\n<h4>DUPLA-Plakate mit 50 bis 90 Zoll Bildgr\u00f6\u00dfe, ultraschlank<p>Invalid Displayed Gallery<\/p><\/h4>\n<p>Die obigen Bilder zeigen ein hochformatiges Videoplakat mit schlankem Rahmen. Ab Juli 20025 liefern wir diese Displays auch komplett rahmelos, die Elektronik ist dann nur mehr in einem schlanken Alu-Profil am oberen Rad des Plakates positioniert.<\/p>\n<p>Der Name <strong>DUPLA<\/strong> steht f\u00fcr <strong>du<\/strong>rchsichtige LED-<strong>Pla<\/strong>kate. Im ca. A0-Format eignen sich diese besonders f\u00fcr klassische Schaufenster und als Eyecatcher in den gro\u00dfen Scheiben von zum Beispiel Autoh\u00e4user, Veranstaltungshallen, Verkaufslokalen etc. Sie sind nur 5cm schlank, sind in neuester Generation mit front- und r\u00fcckseitiger Sicherheitsverglasung ausgestattet und k\u00f6nnen an zwei Stahlseilen hinter der Scheibe abgeh\u00e4ngt werden. Da die LED-Glasdisplays innen im Rahmen der Auslagengestaltung verwendet werden, ist hierf\u00fcr normalerweise auch keine gesonderte Genehmigung notwendig. Diese LED-Glasdisplays k\u00f6nnen wir in den Gr\u00f6\u00dfen von 50 bis 90 Zoll liefern, aktuell mit 6,2 und 3,9 mm Pixelabstand liefern. Beim kleineren A1-Format betr\u00e4gt der Pixelabstand 3,3 mm.<\/p>\n<h4>LED-Glasdisplays sind ultrad\u00fcnne Leichtgewichte<\/h4>\n<p>Die LED-Folien tragen weniger als 2 mm auf und k\u00f6nnen nahtlos auch auf gebogene Fl\u00e4chen aufkaschiert werden. DUPLA-Plakate werden ab Juli 2025 rahmenlos ausgef\u00fchrt, lediglich oben befindet sich ein schlankes Alu-Profil, wo das Netzger\u00e4t und die Elektronik untergebracht sind. Dort wird das Plakat auch abgeh\u00e4ngt. Das Gewicht ist abh\u00e4ngig vom Pixelabstand und der Bauart. Man kann zum Beispiel bei LED-Videofolien mit nur grob 6 kg\/m\u00b2 kalkulieren, was ein Bruchteil einer herk\u00f6mmlichen LED-Videowand ist. F\u00fcr LED-Glasdisplays der DUPLA und DUFO Serie sind keine aufwendigen und monstr\u00f6sen Unterkonstruktionen notwendig. DUPLA A0-Plakate und auch DUFO-Videow\u00e4nde k\u00f6nnen einfach von der Decke abgeh\u00e4ngt werden. Selbstverst\u00e4ndlich kann eine DUFO-Ledwall auch von innen direkt an das Schaufester geklebt werden oder freistehend auf Acrylscheiben als Raumteiler beindrucken.<\/p>\n<h4>Kreative Ader ausspielen<\/h4>\n<p>Dieses au\u00dfergew\u00f6hnliche Videoplakat eignet sich nicht nur f\u00fcr klassische Werbespots. Mit unseren durchsichtigen LED-Displays k\u00f6nnen Sie auch Ihre kreative Ader im Rahmen der Schaufenstergestaltung ausspielen. Lassen Sie es schon im Herbst in Ihrer Auslage schneien, passend zum Winterangebot. Zu Ostern tanzen die Hasen im Fenster und im Dezember der Weihnachtsmann. Zwischendurch zeigen Sie Ihre aktuellen Werbeangebote und sind so mit den LED-Glasdisplays in aller Munde. Ihre spektakul\u00e4re Auslage wird allen auffallen und&nbsp;f\u00fcr Gespr\u00e4chsstoff sorgen!<\/p>\n<\/div><\/section><br \/>\n<div  class='av_promobox av-kb1ek91-4d9f926e0374d5f0f6781fc920f87256 avia-button-yes  avia-builder-el-3  el_after_av_textblock  avia-builder-el-last '><div class='avia-promocontent'><p>\n<strong>Wir beraten Sie gerne \u00fcber LED-Glasdisplays.<\/strong><\/p>\n<\/div><div  class='avia-button-wrap av-kb1ek91-1da13ce8e52c14060d7fa0a663ce892d-wrap avia-button-right '><a href='?page_id=7784'  class='avia-button av-kb1ek91-1da13ce8e52c14060d7fa0a663ce892d av-link-btn avia-icon_select-no avia-size-large avia-position-right avia-color-theme-color'   aria-label=\"KONTAKT\"><span class='avia_iconbox_title' >KONTAKT<\/span><\/a><\/div><\/div><\/p><\/div>\n<style type=\"text\/css\" data-created_by=\"avia_inline_auto\" id=\"style-css-av-jv3kzet-ee9058fe757f60c5b4164e48e9dd35ba\">\n.flex_column.av-jv3kzet-ee9058fe757f60c5b4164e48e9dd35ba{\nborder-radius:0px 0px 0px 0px;\npadding:0px 0px 0px 0px;\n}\n<\/style>\n<div  class='flex_column av-jv3kzet-ee9058fe757f60c5b4164e48e9dd35ba av_one_half  avia-builder-el-4  el_after_av_one_half  avia-builder-el-last  flex_column_div av-zero-column-padding  '     ><section  class='av_textblock_section av-jjnvqlh-aa26cba6ed82ca46e746e1be8fd09fd4 '   itemscope=\"itemscope\" itemtype=\"https:\/\/schema.org\/CreativeWork\" ><div class='avia_textblock'  itemprop=\"text\" ><h4 style=\"text-align: center;\">Von klein bis gro\u00df, alles ist m\u00f6glich!<\/h4>\n<h5 style=\"text-align: center;\"><p>Invalid Displayed Gallery<\/p>Die kleinsten Version nennt sich SMART-DUPLA.<\/h5>\n<p>Dies sind elegante LED-Glasdisplays mit 25 cm hoher Bildfl\u00e4che, lieferbar mit 6,2 mm und 3,9 mm Pixelabstand. Wir k\u00f6nnen diese durchsichtigen LED-Videob\u00e4nder in nahezu jeder L\u00e4nge produzieren. Die Acrylplatten mit den bereits aufkaschierten durchsichtigen LED-Videofolien k\u00f6nnen dann im Fenster abgeh\u00e4ngt als durchsichtige, vollfarbigen Multimedia-Laufschriften beeindrucken. Sie sorgen f\u00fcr verbl\u00fcffende Effekte. Ist gerade kein Text und keine Grafik sichtbar, dann schaut man einfach durch, das LED-Glasdisplay ist dann fast unsichtbar. Wenn die Fl\u00e4che aber leuchtet, dann wirkt sie fast schwebend hinter Glas, ein sehr sch\u00f6ner Effekt. Hier k\u00f6nnen Texte, Grafiken, Animationen bis hin zu auf die Aufl\u00f6sung optimierte Videospots gezeigt werden. Die Ansteuerung erfolgt bei diesen kleineren LED-Displays meist \u00fcber einen externen ins Netzwerk integrierten Controller. Wenn gew\u00fcnscht, k\u00f6nnen LED-Glasdisplays der SMART-DUPLA Serie auch Online-Daten \u00fcber einen Player-PC anzeigen.<\/p>\n<h4>Auch m\u00e4chtig gro\u00dfe, durchsichtige\u00a0LED-Medienfassaden m\u00f6glich<\/h4>\n<p>Hierf\u00fcr gibt\u00b4s die DUMO-Serie, welche oft auch im Au\u00dfenbereich eingesetzt wird. <strong>DUMO<\/strong> steht f\u00fcr <strong>Du<\/strong>rchsichtige LED-<strong>Mo<\/strong>dule. Gro\u00dfe transparente Videow\u00e4nde werden aus einzelnen handlichen LED-Modulen der DUMO-Serie zusammengebaut. In Breite und H\u00f6he ergeben sich so nahezu beliebige Gr\u00f6\u00dfen, beeindruckende Dimensionen sind so machbar. Auch Fensterfl\u00e4chen k\u00f6nnen so von au\u00dfen \u00fcberdeckt werden. Den R\u00e4umen innen nimmt das so gut wie kein Licht weg, man sieht einfach nach au\u00dfen durch.<\/p>\n<p>Die zweite Variante ist die DUFO-Serie, welche nur im Innenbereich eingesetzt werden kann. <strong>DUFO<\/strong> steht f\u00fcr <strong>Du<\/strong>rchsichtige LED-Video<strong>Fo<\/strong>lien, diese k\u00f6nnen in beinahe jeder Gr\u00f6\u00dfe direkt auf Fensterfl\u00e4chen oder Acrylplatten geklebt werden.<\/p>\n<\/div><\/section><br \/>\n<div  class='avia-table av-1wckyw5-2d4f71c03dcbd6f6779c21931a473274 main_color avia-pricing-table-container avia_show_empty_cells avia_pricing_default  avia-builder-el-6  el_after_av_textblock  el_before_av_table  avia-table-1'  itemscope=\"itemscope\" itemtype=\"https:\/\/schema.org\/Table\" ><div class=\"pricing-table-wrap\"><ul class='pricing-table '><li class='avia-heading-row'><div class='first-table-item'>DUPLA<br \/>\nDurchsichtige<br \/>\nVideoplakate<\/p>\n<p><\/div><span class='pricing-extra'><\/span><\/li><li class=''>DUPLA<br \/>\n50-6<br \/><\/li><li class=''>DUPLA<br \/>\n55-6<br \/><\/li><li class=''>DUPLA<br \/>\n55-3<\/li><li class=''>DUPLA<br \/>\n70-6<\/li><li class=''>DUPLA<br \/>\n70-3<\/li><li class=''>DUPLA<br \/>\n80-6<\/li><li class=''>DUPLA<br \/>\n80-3<\/li><li class=''>DUPLA<br \/>\n90-6<\/li><li class=''>DUPLA<br \/>\n90-3<\/li><\/ul><\/div><div class=\"pricing-table-wrap\"><ul class='pricing-table '><li class='avia-heading-row'><div class='first-table-item'>Bildgr\u00f6\u00dfe<br \/>\nBxH (mm)<br \/>\nFormat<\/div><span class='pricing-extra'><\/span><\/li><li class=''>600 x 1063<br \/>\nHochformat<\/li><li class=''>750 x 1175<br \/>\nHochformat<\/li><li class=''>750 x 1175<br \/>\nHochformat<\/li><li class=''>1000 x 1475<br \/>\nHochformat<\/li><li class=''>1000 x 1475<br \/>\nHochformat<\/li><li class=''>1750 x 1000<br \/>\nQuerformat<\/li><li class=''>1750 x 1000<br \/>\nQuerformat<\/li><li class=''>2000 x 1175<br \/>\nQuerformat<\/li><li class=''>2000 x 1175<br \/>\nQuerformat<\/li><\/ul><\/div><div class=\"pricing-table-wrap\"><ul class='pricing-table '><li class='avia-heading-row'><div class='first-table-item'>Pixelabstand<br \/>\nAufl\u00f6sung<br \/>\n(mm \/ Pixel)<\/div><span class='pricing-extra'><\/span><\/li><li class=''>6,25<br \/>\n96 x 170<\/li><li class=''>6,25<br \/>\n120 x 188<\/li><li class=''>3,91<br \/>\n192 x 300<\/li><li class=''>6,25<br \/>\n160 x 236<\/li><li class=''>3,91<br \/>\n256 x 376<\/li><li class=''>6,25<br \/>\n280 x 160<\/li><li class=''>3,91<br \/>\n448 x 256<\/li><li class=''>6,25<br \/>\n320 x 188<\/li><li class=''>3,91<br \/>\n512 x 300<\/li><\/ul><\/div><div class=\"pricing-table-wrap\"><ul class='pricing-table '><li class='avia-heading-row'><div class='first-table-item'>Abmessungen BxHxT (mm) mit obigen Alu-Profil<\/div><span class='pricing-extra'><\/span><\/li><li class=''>610 x 1151 x 75<br \/>\n&#8211;<\/li><li class=''>766 x 1262 x 78<br \/>\n&#8211;<\/li><li class=''>766 x 1262 x78<br \/>\n&#8211;<\/li><li class=''>1016 x 1592 x78<br \/>\n&#8211;<\/li><li class=''>1016 x 1592 x78<br \/>\n&#8211;<\/li><li class=''>1766 x 1117 x78<br \/>\n&#8211;<\/li><li class=''>1766 x 1117 x78<br \/>\n&#8211;<\/li><li class=''>2016 x 1292 x78<br \/>\n&#8211;<\/li><li class=''>2016 x 1292 x78<br \/>\n&#8211;<\/li><\/ul><\/div><\/div><br \/>\n<div  class='avia-table av-3hqnecl-53b8b0a56ec2e5f6f5cd60a7b09c1d0a main_color avia-pricing-table-container avia_show_empty_cells avia_pricing_default  avia-builder-el-7  el_after_av_table  avia-builder-el-last  avia-table-2'  itemscope=\"itemscope\" itemtype=\"https:\/\/schema.org\/Table\" ><div class=\"pricing-table-wrap\"><ul class='pricing-table '><li class='avia-heading-row'><div class='first-table-item'>DUMO<br \/>\nDurchsichtige<br \/>\nVideomodule<\/p>\n<p><\/div><span class='pricing-extra'><\/span><\/li><li class=''>Individuelle Gr\u00f6\u00dfen lieferbar<br \/>\nmit 3,9, 5,2, 10,4, 15,6 und 31,2 mm Pixelabstand<br \/>\nverschiedene Ausf\u00fchrungen<br \/><\/li><\/ul><\/div><div class=\"pricing-table-wrap\"><ul class='pricing-table '><li class='avia-heading-row'><div class='first-table-item'>DUFO<br \/>\nDurchsichtige<br \/>\nVideofolien<\/div><span class='pricing-extra'><\/span><\/li><li class=''>Individuelle Gr\u00f6\u00dfen lieferbar<br \/>\nmit 3,9 und 6,2 mm Pixelabstand<br \/>\nverschiedene Ausf\u00fchrungen<\/li><\/ul><\/div><\/div><\/p><\/div><\/p>\n","protected":false},"excerpt":{"rendered":"","protected":false},"author":1,"featured_media":0,"parent":24663,"menu_order":3,"comment_status":"closed","ping_status":"closed","template":"","meta":{"ngg_post_thumbnail":0,"footnotes":""},"news":[],"class_list":["post-35997","page","type-page","status-publish","hentry"],"yoast_head":"<!-- This site is optimized with the Yoast SEO Premium plugin v27.3 (Yoast SEO v27.3) - https:\/\/yoast.com\/product\/yoast-seo-premium-wordpress\/ -->\n<title>ACT GmbH LED-Displays - LED-Glasdisplays<\/title>\n<meta name=\"description\" content=\"LED-Glasdisplays. Durchsichtige LED-Plakate und gro\u00dfe transparente LED-Videow\u00e4nde erm\u00f6glichen ganz neue M\u00f6glichkeiten f\u00fcr Schaufenster und Glasfassaden.\" \/>\n<meta name=\"robots\" content=\"index, follow, max-snippet:-1, max-image-preview:large, max-video-preview:-1\" \/>\n<link rel=\"canonical\" href=\"https:\/\/www.act-thielmann.at\/en\/products\/led-displays\/led-videowalls\/led-glasdisplays\/\" \/>\n<meta property=\"og:locale\" content=\"en_US\" \/>\n<meta property=\"og:type\" content=\"article\" \/>\n<meta property=\"og:title\" content=\"LED-Glasdisplays\" \/>\n<meta property=\"og:url\" content=\"https:\/\/www.act-thielmann.at\/en\/products\/led-displays\/led-videowalls\/led-glasdisplays\/\" \/>\n<meta property=\"og:site_name\" content=\"ACT GmbH LED-Displays\" \/>\n<meta property=\"article:publisher\" content=\"https:\/\/www.facebook.com\/videowand\" \/>\n<meta property=\"article:modified_time\" content=\"2025-07-09T09:30:13+00:00\" \/>\n<meta property=\"og:image\" content=\"http:\/\/www.act-thielmann.at\/nextgen-attach_to_post\/preview\/id--33911\" \/>\n<meta name=\"twitter:card\" content=\"summary_large_image\" \/>\n<meta name=\"twitter:site\" content=\"@videowand\" \/>\n<meta name=\"twitter:label1\" content=\"Est. reading time\" \/>\n\t<meta name=\"twitter:data1\" content=\"6 minutes\" \/>\n<script type=\"application\/ld+json\" class=\"yoast-schema-graph\">{\"@context\":\"https:\\\/\\\/schema.org\",\"@graph\":[{\"@type\":\"WebPage\",\"@id\":\"https:\\\/\\\/www.act-thielmann.at\\\/en\\\/products\\\/led-displays\\\/led-videowalls\\\/led-glasdisplays\\\/\",\"url\":\"https:\\\/\\\/www.act-thielmann.at\\\/en\\\/products\\\/led-displays\\\/led-videowalls\\\/led-glasdisplays\\\/\",\"name\":\"ACT GmbH LED-Displays - LED-Glasdisplays\",\"isPartOf\":{\"@id\":\"https:\\\/\\\/www.act-thielmann.at\\\/#website\"},\"primaryImageOfPage\":{\"@id\":\"https:\\\/\\\/www.act-thielmann.at\\\/en\\\/products\\\/led-displays\\\/led-videowalls\\\/led-glasdisplays\\\/#primaryimage\"},\"image\":{\"@id\":\"https:\\\/\\\/www.act-thielmann.at\\\/en\\\/products\\\/led-displays\\\/led-videowalls\\\/led-glasdisplays\\\/#primaryimage\"},\"thumbnailUrl\":\"http:\\\/\\\/www.act-thielmann.at\\\/nextgen-attach_to_post\\\/preview\\\/id--33911\",\"datePublished\":\"2015-08-10T15:43:53+00:00\",\"dateModified\":\"2025-07-09T09:30:13+00:00\",\"description\":\"LED-Glasdisplays. Durchsichtige LED-Plakate und gro\u00dfe transparente LED-Videow\u00e4nde erm\u00f6glichen ganz neue M\u00f6glichkeiten f\u00fcr Schaufenster und Glasfassaden.\",\"breadcrumb\":{\"@id\":\"https:\\\/\\\/www.act-thielmann.at\\\/en\\\/products\\\/led-displays\\\/led-videowalls\\\/led-glasdisplays\\\/#breadcrumb\"},\"inLanguage\":\"en-US\",\"potentialAction\":[{\"@type\":\"ReadAction\",\"target\":[\"https:\\\/\\\/www.act-thielmann.at\\\/en\\\/products\\\/led-displays\\\/led-videowalls\\\/led-glasdisplays\\\/\"]}]},{\"@type\":\"ImageObject\",\"inLanguage\":\"en-US\",\"@id\":\"https:\\\/\\\/www.act-thielmann.at\\\/en\\\/products\\\/led-displays\\\/led-videowalls\\\/led-glasdisplays\\\/#primaryimage\",\"url\":\"http:\\\/\\\/www.act-thielmann.at\\\/nextgen-attach_to_post\\\/preview\\\/id--33911\",\"contentUrl\":\"http:\\\/\\\/www.act-thielmann.at\\\/nextgen-attach_to_post\\\/preview\\\/id--33911\"},{\"@type\":\"BreadcrumbList\",\"@id\":\"https:\\\/\\\/www.act-thielmann.at\\\/en\\\/products\\\/led-displays\\\/led-videowalls\\\/led-glasdisplays\\\/#breadcrumb\",\"itemListElement\":[{\"@type\":\"ListItem\",\"position\":1,\"name\":\"Startseite\",\"item\":\"https:\\\/\\\/www.act-thielmann.at\\\/en\\\/\"},{\"@type\":\"ListItem\",\"position\":2,\"name\":\"Products\",\"item\":\"https:\\\/\\\/www.act-thielmann.at\\\/en\\\/products\\\/\"},{\"@type\":\"ListItem\",\"position\":3,\"name\":\"LED Displays\",\"item\":\"https:\\\/\\\/www.act-thielmann.at\\\/en\\\/products\\\/led-displays\\\/\"},{\"@type\":\"ListItem\",\"position\":4,\"name\":\"LED-videowall solutions\",\"item\":\"https:\\\/\\\/www.act-thielmann.at\\\/en\\\/products\\\/led-displays\\\/led-videowalls\\\/\"},{\"@type\":\"ListItem\",\"position\":5,\"name\":\"LED-Glasdisplays\"}]},{\"@type\":\"WebSite\",\"@id\":\"https:\\\/\\\/www.act-thielmann.at\\\/#website\",\"url\":\"https:\\\/\\\/www.act-thielmann.at\\\/\",\"name\":\"ACT GmbH LED-Displays\",\"description\":\"\",\"publisher\":{\"@id\":\"https:\\\/\\\/www.act-thielmann.at\\\/#organization\"},\"potentialAction\":[{\"@type\":\"SearchAction\",\"target\":{\"@type\":\"EntryPoint\",\"urlTemplate\":\"https:\\\/\\\/www.act-thielmann.at\\\/?s={search_term_string}\"},\"query-input\":{\"@type\":\"PropertyValueSpecification\",\"valueRequired\":true,\"valueName\":\"search_term_string\"}}],\"inLanguage\":\"en-US\"},{\"@type\":\"Organization\",\"@id\":\"https:\\\/\\\/www.act-thielmann.at\\\/#organization\",\"name\":\"ACT Anzeige- & Informationstechnik GmbH.\",\"url\":\"https:\\\/\\\/www.act-thielmann.at\\\/\",\"logo\":{\"@type\":\"ImageObject\",\"inLanguage\":\"en-US\",\"@id\":\"https:\\\/\\\/www.act-thielmann.at\\\/#\\\/schema\\\/logo\\\/image\\\/\",\"url\":\"https:\\\/\\\/www.act-thielmann.at\\\/wp\\\/wp-content\\\/uploads\\\/2023\\\/02\\\/ACT_logo_dunkel_600x600.jpg\",\"contentUrl\":\"https:\\\/\\\/www.act-thielmann.at\\\/wp\\\/wp-content\\\/uploads\\\/2023\\\/02\\\/ACT_logo_dunkel_600x600.jpg\",\"width\":600,\"height\":600,\"caption\":\"ACT Anzeige- & Informationstechnik GmbH.\"},\"image\":{\"@id\":\"https:\\\/\\\/www.act-thielmann.at\\\/#\\\/schema\\\/logo\\\/image\\\/\"},\"sameAs\":[\"https:\\\/\\\/www.facebook.com\\\/videowand\",\"https:\\\/\\\/x.com\\\/videowand\"]}]}<\/script>\n<!-- \/ Yoast SEO Premium plugin. -->","yoast_head_json":{"title":"ACT GmbH LED-Displays - LED-Glasdisplays","description":"LED-Glasdisplays. Durchsichtige LED-Plakate und gro\u00dfe transparente LED-Videow\u00e4nde erm\u00f6glichen ganz neue M\u00f6glichkeiten f\u00fcr Schaufenster und Glasfassaden.","robots":{"index":"index","follow":"follow","max-snippet":"max-snippet:-1","max-image-preview":"max-image-preview:large","max-video-preview":"max-video-preview:-1"},"canonical":"https:\/\/www.act-thielmann.at\/en\/products\/led-displays\/led-videowalls\/led-glasdisplays\/","og_locale":"en_US","og_type":"article","og_title":"LED-Glasdisplays","og_url":"https:\/\/www.act-thielmann.at\/en\/products\/led-displays\/led-videowalls\/led-glasdisplays\/","og_site_name":"ACT GmbH LED-Displays","article_publisher":"https:\/\/www.facebook.com\/videowand","article_modified_time":"2025-07-09T09:30:13+00:00","og_image":[{"url":"http:\/\/www.act-thielmann.at\/nextgen-attach_to_post\/preview\/id--33911","type":"","width":"","height":""}],"twitter_card":"summary_large_image","twitter_site":"@videowand","twitter_misc":{"Est. reading time":"6 minutes"},"schema":{"@context":"https:\/\/schema.org","@graph":[{"@type":"WebPage","@id":"https:\/\/www.act-thielmann.at\/en\/products\/led-displays\/led-videowalls\/led-glasdisplays\/","url":"https:\/\/www.act-thielmann.at\/en\/products\/led-displays\/led-videowalls\/led-glasdisplays\/","name":"ACT GmbH LED-Displays - LED-Glasdisplays","isPartOf":{"@id":"https:\/\/www.act-thielmann.at\/#website"},"primaryImageOfPage":{"@id":"https:\/\/www.act-thielmann.at\/en\/products\/led-displays\/led-videowalls\/led-glasdisplays\/#primaryimage"},"image":{"@id":"https:\/\/www.act-thielmann.at\/en\/products\/led-displays\/led-videowalls\/led-glasdisplays\/#primaryimage"},"thumbnailUrl":"http:\/\/www.act-thielmann.at\/nextgen-attach_to_post\/preview\/id--33911","datePublished":"2015-08-10T15:43:53+00:00","dateModified":"2025-07-09T09:30:13+00:00","description":"LED-Glasdisplays. Durchsichtige LED-Plakate und gro\u00dfe transparente LED-Videow\u00e4nde erm\u00f6glichen ganz neue M\u00f6glichkeiten f\u00fcr Schaufenster und Glasfassaden.","breadcrumb":{"@id":"https:\/\/www.act-thielmann.at\/en\/products\/led-displays\/led-videowalls\/led-glasdisplays\/#breadcrumb"},"inLanguage":"en-US","potentialAction":[{"@type":"ReadAction","target":["https:\/\/www.act-thielmann.at\/en\/products\/led-displays\/led-videowalls\/led-glasdisplays\/"]}]},{"@type":"ImageObject","inLanguage":"en-US","@id":"https:\/\/www.act-thielmann.at\/en\/products\/led-displays\/led-videowalls\/led-glasdisplays\/#primaryimage","url":"http:\/\/www.act-thielmann.at\/nextgen-attach_to_post\/preview\/id--33911","contentUrl":"http:\/\/www.act-thielmann.at\/nextgen-attach_to_post\/preview\/id--33911"},{"@type":"BreadcrumbList","@id":"https:\/\/www.act-thielmann.at\/en\/products\/led-displays\/led-videowalls\/led-glasdisplays\/#breadcrumb","itemListElement":[{"@type":"ListItem","position":1,"name":"Startseite","item":"https:\/\/www.act-thielmann.at\/en\/"},{"@type":"ListItem","position":2,"name":"Products","item":"https:\/\/www.act-thielmann.at\/en\/products\/"},{"@type":"ListItem","position":3,"name":"LED Displays","item":"https:\/\/www.act-thielmann.at\/en\/products\/led-displays\/"},{"@type":"ListItem","position":4,"name":"LED-videowall solutions","item":"https:\/\/www.act-thielmann.at\/en\/products\/led-displays\/led-videowalls\/"},{"@type":"ListItem","position":5,"name":"LED-Glasdisplays"}]},{"@type":"WebSite","@id":"https:\/\/www.act-thielmann.at\/#website","url":"https:\/\/www.act-thielmann.at\/","name":"ACT GmbH LED-Displays","description":"","publisher":{"@id":"https:\/\/www.act-thielmann.at\/#organization"},"potentialAction":[{"@type":"SearchAction","target":{"@type":"EntryPoint","urlTemplate":"https:\/\/www.act-thielmann.at\/?s={search_term_string}"},"query-input":{"@type":"PropertyValueSpecification","valueRequired":true,"valueName":"search_term_string"}}],"inLanguage":"en-US"},{"@type":"Organization","@id":"https:\/\/www.act-thielmann.at\/#organization","name":"ACT Anzeige- & Informationstechnik GmbH.","url":"https:\/\/www.act-thielmann.at\/","logo":{"@type":"ImageObject","inLanguage":"en-US","@id":"https:\/\/www.act-thielmann.at\/#\/schema\/logo\/image\/","url":"https:\/\/www.act-thielmann.at\/wp\/wp-content\/uploads\/2023\/02\/ACT_logo_dunkel_600x600.jpg","contentUrl":"https:\/\/www.act-thielmann.at\/wp\/wp-content\/uploads\/2023\/02\/ACT_logo_dunkel_600x600.jpg","width":600,"height":600,"caption":"ACT Anzeige- & Informationstechnik GmbH."},"image":{"@id":"https:\/\/www.act-thielmann.at\/#\/schema\/logo\/image\/"},"sameAs":["https:\/\/www.facebook.com\/videowand","https:\/\/x.com\/videowand"]}]}},"amp_enabled":true,"_links":{"self":[{"href":"https:\/\/www.act-thielmann.at\/en\/wp-json\/wp\/v2\/pages\/35997","targetHints":{"allow":["GET"]}}],"collection":[{"href":"https:\/\/www.act-thielmann.at\/en\/wp-json\/wp\/v2\/pages"}],"about":[{"href":"https:\/\/www.act-thielmann.at\/en\/wp-json\/wp\/v2\/types\/page"}],"author":[{"embeddable":true,"href":"https:\/\/www.act-thielmann.at\/en\/wp-json\/wp\/v2\/users\/1"}],"replies":[{"embeddable":true,"href":"https:\/\/www.act-thielmann.at\/en\/wp-json\/wp\/v2\/comments?post=35997"}],"version-history":[{"count":0,"href":"https:\/\/www.act-thielmann.at\/en\/wp-json\/wp\/v2\/pages\/35997\/revisions"}],"up":[{"embeddable":true,"href":"https:\/\/www.act-thielmann.at\/en\/wp-json\/wp\/v2\/pages\/24663"}],"wp:attachment":[{"href":"https:\/\/www.act-thielmann.at\/en\/wp-json\/wp\/v2\/media?parent=35997"}],"wp:term":[{"taxonomy":"news","embeddable":true,"href":"https:\/\/www.act-thielmann.at\/en\/wp-json\/wp\/v2\/news?post=35997"}],"curies":[{"name":"wp","href":"https:\/\/api.w.org\/{rel}","templated":true}]}}