{"id":24706,"date":"2013-05-16T13:55:10","date_gmt":"2013-05-16T12:55:10","guid":{"rendered":"http:\/\/www.act-thielmann.at\/?page_id=24706"},"modified":"2024-02-15T15:28:55","modified_gmt":"2024-02-15T14:28:55","slug":"impressum","status":"publish","type":"page","link":"https:\/\/www.act-thielmann.at\/en\/act-is-a-manufacturer-of-high-quality-led-displays\/impressum\/","title":{"rendered":"Impressum"},"content":{"rendered":"\n<style type=\"text\/css\" data-created_by=\"avia_inline_auto\" id=\"style-css-av-pgy7tu-4869af00b9e5812bfac8ae74dffc9cc9\">\n#top .av-special-heading.av-pgy7tu-4869af00b9e5812bfac8ae74dffc9cc9{\npadding-bottom:20px;\n}\nbody .av-special-heading.av-pgy7tu-4869af00b9e5812bfac8ae74dffc9cc9 .av-special-heading-tag .heading-char{\nfont-size:25px;\n}\n.av-special-heading.av-pgy7tu-4869af00b9e5812bfac8ae74dffc9cc9 .av-subheading{\nfont-size:15px;\n}\n<\/style>\n<div  class='av-special-heading av-pgy7tu-4869af00b9e5812bfac8ae74dffc9cc9 av-special-heading-h3  avia-builder-el-0  el_before_av_one_half  avia-builder-el-first '><h3 class='av-special-heading-tag '  itemprop=\"headline\"  >Impressum<\/h3><div class=\"special-heading-border\"><div class=\"special-heading-inner-border\"><\/div><\/div><\/div>\n<div  class='flex_column av-56moygy-478224e59853fce218aedec25236351f av_one_half  avia-builder-el-1  el_after_av_heading  el_before_av_one_half  first flex_column_div  '     ><section  class='av_textblock_section av-51rcste-51b0c2ca79480cde819d417ed0dc70d6 '   itemscope=\"itemscope\" itemtype=\"https:\/\/schema.org\/CreativeWork\" ><div class='avia_textblock'  itemprop=\"text\" ><p>ACT Anzeige- &amp; Informationstechnik GmbH<\/p>\n<p>Linzer Stra\u00dfe 57<br \/>\n3002 Purkersdorf<\/p>\n<p>Telefon: +43 1 706 36 96<br \/>\n<a href=\"javascript:secureDecryptAndNavigate('sr7Av1j+Nle0auhiNywwKOSi930ojtx50NhPi\/4oDN4wxTSJClbfwz5zGFd5D0g6nWYfxYxKKT4WYiqjZVmgz7RC3+oBWvRDLI5p5q9NUQ==', '2f8ae237c09209ce43e91c65e3dc9c95da746f6af0c20df47c1e5442fb80f434')\">kontakt[at]act-thielmann[.]at<\/a><\/p>\n<\/div><\/section><\/div><div  class='flex_column av-49wooxu-9c9ca9bfc400227ae7e97f1022b07349 av_one_half  avia-builder-el-3  el_after_av_one_half  el_before_av_hr  flex_column_div  '     ><section  class='av_textblock_section av-3syjo76-f8af964ed23c917d65f9e83254888a91 '   itemscope=\"itemscope\" itemtype=\"https:\/\/schema.org\/CreativeWork\" ><div class='avia_textblock'  itemprop=\"text\" ><p>Betreiber der Internetseiten und f\u00fcr den Inhalt verantwortlich:<br \/>\nACT Anzeige- &#038; Informationstechnik GmbH<\/p>\n<p>Firmenbuchnummer: 514876x\u00a0 Lg\u00a0Korneuburg<\/p>\n<p>UID-Nummer:\u00a0ATU74559747<\/p>\n<p><a href=\"http:\/\/firmena-z.wko.at\/udbsql\/ecgInfo.asp?K=1&#038;MG=181811&#038;NOFRAME=J\" target=\"_blank\" rel=\"noopener\">Informationspflicht laut E-Comerce-Gesetz<\/a><\/p>\n<\/div><\/section><\/div><\/p>\n<div  class='hr av-3gx8e4i-d34f57ce35cfb671e8fa1a176442a587 hr-default  avia-builder-el-5  el_after_av_one_half  el_before_av_one_half '><span class='hr-inner '><span class=\"hr-inner-style\"><\/span><\/span><\/div>\n<div  class='flex_column av-36teeci-ea9268b2602e049ca61dff72e4d7bbd1 av_one_half  avia-builder-el-6  el_after_av_hr  el_before_av_one_half  first flex_column_div  '     ><section  class='av_textblock_section av-2f411r6-d7506be1f814961956015d02df355017 '   itemscope=\"itemscope\" itemtype=\"https:\/\/schema.org\/CreativeWork\" ><div class='avia_textblock'  itemprop=\"text\" ><h5>Haftungsausschluss<\/h5>\n<p>Die Informationen auf diesen Internetseiten dienen der Darstellung der ACT Anzeige- &#038; Informationstechnik GmbH. Sie stellen keine Produktberatung dar und k\u00f6nnen diese auch nicht ersetzen. Die ACT GmbH \u00fcbernimmt keine Haftung f\u00fcr die Aktualit\u00e4t, Richtigkeit und Vollst\u00e4ndigkeit der auf diesen Internetseiten bereitgestellten Informationen.<\/p>\n<p>Bei Links zu externen Webseiten Dritter haben wir keinen Einfluss auf deren Inhalte. F\u00fcr verlinkte Inhalte k\u00f6nnen wir trotz sorgf\u00e4ltiger Pr\u00fcfung keine Gew\u00e4hr oder Haftung \u00fcbernehmen, erst recht nicht f\u00fcr Inhalte von Seiten, die auf uns verweisen. Die verlinkten Seiten wurden zum Zeitpunkt der Verlinkung auf m\u00f6gliche Rechtsverst\u00f6\u00dfe \u00fcberpr\u00fcft. Rechtswidrige Inhalte waren zum Zeitpunkt der Verlinkung nicht erkennbar. Eine fortlaufende inhaltliche Kontrolle der verlinkten Seiten ist ohne konkrete Anhaltspunkte einer Rechtsverletzung nicht zumutbar. Bei Bekannt\u00adwerden von Rechtsverletzungen werden wir derartige Links jedoch unverz\u00fcglich entfernen.<\/p>\n<h5>Datenschutz<\/h5>\n<p>Der Nutzung von im Rahmen der Impressumspflicht ver\u00f6ffentlichten Kontaktdaten durch Dritte zur \u00dcbersendung von nicht ausdr\u00fccklich angeforderter Werbung und Informationsmaterialien wird hiermit ausdr\u00fccklich widersprochen. Die Betreiber der Seiten behalten sich ausdr\u00fccklich rechtliche Schritte im Falle der unverlangten Zusendung von Werbeinformationen, etwa durch Spam-Mails, vor.<\/p>\n<\/div><\/section><\/div>\n<div  class='flex_column av-78ytia-61facb8320fe2debddae40dec0e9c472 av_one_half  avia-builder-el-8  el_after_av_one_half  el_before_av_hr  flex_column_div  '     ><section  class='av_textblock_section av-1razkg2-9e2e249e54ea3dde61cfe2c846f0aa02 '   itemscope=\"itemscope\" itemtype=\"https:\/\/schema.org\/CreativeWork\" ><div class='avia_textblock'  itemprop=\"text\" ><h5>Datenerhebung<\/h5>\n<p>Diese Webseite verwendet die Piwik Webanalyse und das Google-Analytics-Tool.<\/p>\n<h5>Urheberrecht<\/h5>\n<p>Die Inhalte dieser Internetseiten sind urheberrechtlich gesch\u00fctzt. Die Vervielf\u00e4ltigung von Texten, Grafiken und Fotos ist ohne vorherige Zustimmung des Seitenbetreibers nicht gestattet.<\/p>\n<h5>Bildnachweis:<\/h5>\n<p>Sofern nicht anders angegeben, sind s\u00e4mtliche auf dieser Seite verwendeten Fotos Eigentum der ACT Anzeige- &#038; Informationstechnik GmbH.<\/p>\n<\/div><\/section><\/div>\n<div  class='hr av-18xgu76-dcbd21d5a2f362aa2197359ded8b22a6 hr-default  avia-builder-el-10  el_after_av_one_half  el_before_av_icon_box '><span class='hr-inner '><span class=\"hr-inner-style\"><\/span><\/span><\/div>\n<article  class='iconbox iconbox_left av-i8txmq-3e8e51864cc940763aa9facb0f1e0158  avia-builder-el-11  el_after_av_hr  avia-builder-el-last '  itemscope=\"itemscope\" itemtype=\"https:\/\/schema.org\/CreativeWork\" ><div class=\"iconbox_content\"><header class=\"entry-content-header\" aria-label=\"Icon: Links\"><div class='iconbox_icon heading-color avia-svg-icon avia-font-svg_entypo-fontello' data-av_svg_icon='12' data-av_iconset='svg_entypo-fontello' ><\/div><h3 class='iconbox_content_title '  itemprop=\"headline\" >Links<\/h3><\/header><div class='iconbox_content_container '  itemprop=\"text\" ><p>Informationspflicht laut E-Commerce-Gesetz, Unternehmensgesetzbuch bzw. Gewerbeordnung und Offenlegungspflicht laut Mediengesetz: <a title=\"\u00d6sterreichische Wirtschaftskammer\" href=\"http:\/\/www.wkoecg.at\/Web\/Ecg.aspx?FirmaID=7036ffe1-6472-44e9-ab17-74beab470c37&#038;AspxAutoDetectCookieSupport=1\" target=\"_blank\" rel=\"noopener\">WKO.at<\/a><\/p>\n<p>Konzeption, Gestaltung und Umsetzung: <a title=\"kommunikationsbuero\" href=\"http:\/\/www.kommunikationsbuero.at\/\" target=\"_blank\" rel=\"noopener\">kommunikationsbuero<\/a><\/p>\n<\/div><\/div><footer class=\"entry-footer\"><\/footer><\/article>\n","protected":false},"excerpt":{"rendered":"","protected":false},"author":6,"featured_media":0,"parent":24708,"menu_order":0,"comment_status":"closed","ping_status":"closed","template":"","meta":{"ngg_post_thumbnail":0,"footnotes":""},"news":[],"class_list":["post-24706","page","type-page","status-publish","hentry"],"yoast_head":"<!-- This site is optimized with the Yoast SEO Premium plugin v27.3 (Yoast SEO v27.5) - https:\/\/yoast.com\/product\/yoast-seo-premium-wordpress\/ -->\n<title>ACT GmbH LED-Displays - Impressum<\/title>\n<meta name=\"robots\" content=\"index, follow, max-snippet:-1, max-image-preview:large, max-video-preview:-1\" \/>\n<link rel=\"canonical\" href=\"https:\/\/www.act-thielmann.at\/en\/act-is-a-manufacturer-of-high-quality-led-displays\/impressum\/\" \/>\n<meta property=\"og:locale\" content=\"en_US\" \/>\n<meta property=\"og:type\" content=\"article\" \/>\n<meta property=\"og:title\" content=\"Impressum\" \/>\n<meta property=\"og:url\" content=\"https:\/\/www.act-thielmann.at\/en\/act-is-a-manufacturer-of-high-quality-led-displays\/impressum\/\" \/>\n<meta property=\"og:site_name\" content=\"ACT GmbH LED-Displays\" \/>\n<meta property=\"article:publisher\" content=\"https:\/\/www.facebook.com\/videowand\" \/>\n<meta property=\"article:modified_time\" content=\"2024-02-15T14:28:55+00:00\" \/>\n<meta property=\"og:image\" content=\"https:\/\/www.act-thielmann.at\/wp\/wp-content\/uploads\/2023\/02\/praterdome1.jpg\" \/>\n\t<meta property=\"og:image:width\" content=\"1475\" \/>\n\t<meta property=\"og:image:height\" content=\"803\" \/>\n\t<meta property=\"og:image:type\" content=\"image\/jpeg\" \/>\n<meta name=\"twitter:card\" content=\"summary_large_image\" \/>\n<meta name=\"twitter:site\" content=\"@videowand\" \/>\n<meta name=\"twitter:label1\" content=\"Est. reading time\" \/>\n\t<meta name=\"twitter:data1\" content=\"2 minutes\" \/>\n<script type=\"application\/ld+json\" class=\"yoast-schema-graph\">{\"@context\":\"https:\\\/\\\/schema.org\",\"@graph\":[{\"@type\":\"WebPage\",\"@id\":\"https:\\\/\\\/www.act-thielmann.at\\\/en\\\/act-is-a-manufacturer-of-high-quality-led-displays\\\/impressum\\\/\",\"url\":\"https:\\\/\\\/www.act-thielmann.at\\\/en\\\/act-is-a-manufacturer-of-high-quality-led-displays\\\/impressum\\\/\",\"name\":\"ACT GmbH LED-Displays - Impressum\",\"isPartOf\":{\"@id\":\"https:\\\/\\\/www.act-thielmann.at\\\/#website\"},\"datePublished\":\"2013-05-16T12:55:10+00:00\",\"dateModified\":\"2024-02-15T14:28:55+00:00\",\"breadcrumb\":{\"@id\":\"https:\\\/\\\/www.act-thielmann.at\\\/en\\\/act-is-a-manufacturer-of-high-quality-led-displays\\\/impressum\\\/#breadcrumb\"},\"inLanguage\":\"en-US\",\"potentialAction\":[{\"@type\":\"ReadAction\",\"target\":[\"https:\\\/\\\/www.act-thielmann.at\\\/en\\\/act-is-a-manufacturer-of-high-quality-led-displays\\\/impressum\\\/\"]}]},{\"@type\":\"BreadcrumbList\",\"@id\":\"https:\\\/\\\/www.act-thielmann.at\\\/en\\\/act-is-a-manufacturer-of-high-quality-led-displays\\\/impressum\\\/#breadcrumb\",\"itemListElement\":[{\"@type\":\"ListItem\",\"position\":1,\"name\":\"Startseite\",\"item\":\"https:\\\/\\\/www.act-thielmann.at\\\/en\\\/\"},{\"@type\":\"ListItem\",\"position\":2,\"name\":\"ACT is a manufacturer of high quality LED-Displays\",\"item\":\"https:\\\/\\\/www.act-thielmann.at\\\/en\\\/act-is-a-manufacturer-of-high-quality-led-displays\\\/\"},{\"@type\":\"ListItem\",\"position\":3,\"name\":\"Impressum\"}]},{\"@type\":\"WebSite\",\"@id\":\"https:\\\/\\\/www.act-thielmann.at\\\/#website\",\"url\":\"https:\\\/\\\/www.act-thielmann.at\\\/\",\"name\":\"ACT GmbH LED-Displays\",\"description\":\"\",\"publisher\":{\"@id\":\"https:\\\/\\\/www.act-thielmann.at\\\/#organization\"},\"potentialAction\":[{\"@type\":\"SearchAction\",\"target\":{\"@type\":\"EntryPoint\",\"urlTemplate\":\"https:\\\/\\\/www.act-thielmann.at\\\/?s={search_term_string}\"},\"query-input\":{\"@type\":\"PropertyValueSpecification\",\"valueRequired\":true,\"valueName\":\"search_term_string\"}}],\"inLanguage\":\"en-US\"},{\"@type\":\"Organization\",\"@id\":\"https:\\\/\\\/www.act-thielmann.at\\\/#organization\",\"name\":\"ACT Anzeige- & Informationstechnik GmbH.\",\"url\":\"https:\\\/\\\/www.act-thielmann.at\\\/\",\"logo\":{\"@type\":\"ImageObject\",\"inLanguage\":\"en-US\",\"@id\":\"https:\\\/\\\/www.act-thielmann.at\\\/#\\\/schema\\\/logo\\\/image\\\/\",\"url\":\"https:\\\/\\\/www.act-thielmann.at\\\/wp\\\/wp-content\\\/uploads\\\/2023\\\/02\\\/ACT_logo_dunkel_600x600.jpg\",\"contentUrl\":\"https:\\\/\\\/www.act-thielmann.at\\\/wp\\\/wp-content\\\/uploads\\\/2023\\\/02\\\/ACT_logo_dunkel_600x600.jpg\",\"width\":600,\"height\":600,\"caption\":\"ACT Anzeige- & Informationstechnik GmbH.\"},\"image\":{\"@id\":\"https:\\\/\\\/www.act-thielmann.at\\\/#\\\/schema\\\/logo\\\/image\\\/\"},\"sameAs\":[\"https:\\\/\\\/www.facebook.com\\\/videowand\",\"https:\\\/\\\/x.com\\\/videowand\"]}]}<\/script>\n<!-- \/ Yoast SEO Premium plugin. -->","yoast_head_json":{"title":"ACT GmbH LED-Displays - Impressum","robots":{"index":"index","follow":"follow","max-snippet":"max-snippet:-1","max-image-preview":"max-image-preview:large","max-video-preview":"max-video-preview:-1"},"canonical":"https:\/\/www.act-thielmann.at\/en\/act-is-a-manufacturer-of-high-quality-led-displays\/impressum\/","og_locale":"en_US","og_type":"article","og_title":"Impressum","og_url":"https:\/\/www.act-thielmann.at\/en\/act-is-a-manufacturer-of-high-quality-led-displays\/impressum\/","og_site_name":"ACT GmbH LED-Displays","article_publisher":"https:\/\/www.facebook.com\/videowand","article_modified_time":"2024-02-15T14:28:55+00:00","og_image":[{"width":1475,"height":803,"url":"https:\/\/www.act-thielmann.at\/wp\/wp-content\/uploads\/2023\/02\/praterdome1.jpg","type":"image\/jpeg"}],"twitter_card":"summary_large_image","twitter_site":"@videowand","twitter_misc":{"Est. reading time":"2 minutes"},"schema":{"@context":"https:\/\/schema.org","@graph":[{"@type":"WebPage","@id":"https:\/\/www.act-thielmann.at\/en\/act-is-a-manufacturer-of-high-quality-led-displays\/impressum\/","url":"https:\/\/www.act-thielmann.at\/en\/act-is-a-manufacturer-of-high-quality-led-displays\/impressum\/","name":"ACT GmbH LED-Displays - Impressum","isPartOf":{"@id":"https:\/\/www.act-thielmann.at\/#website"},"datePublished":"2013-05-16T12:55:10+00:00","dateModified":"2024-02-15T14:28:55+00:00","breadcrumb":{"@id":"https:\/\/www.act-thielmann.at\/en\/act-is-a-manufacturer-of-high-quality-led-displays\/impressum\/#breadcrumb"},"inLanguage":"en-US","potentialAction":[{"@type":"ReadAction","target":["https:\/\/www.act-thielmann.at\/en\/act-is-a-manufacturer-of-high-quality-led-displays\/impressum\/"]}]},{"@type":"BreadcrumbList","@id":"https:\/\/www.act-thielmann.at\/en\/act-is-a-manufacturer-of-high-quality-led-displays\/impressum\/#breadcrumb","itemListElement":[{"@type":"ListItem","position":1,"name":"Startseite","item":"https:\/\/www.act-thielmann.at\/en\/"},{"@type":"ListItem","position":2,"name":"ACT is a manufacturer of high quality LED-Displays","item":"https:\/\/www.act-thielmann.at\/en\/act-is-a-manufacturer-of-high-quality-led-displays\/"},{"@type":"ListItem","position":3,"name":"Impressum"}]},{"@type":"WebSite","@id":"https:\/\/www.act-thielmann.at\/#website","url":"https:\/\/www.act-thielmann.at\/","name":"ACT GmbH LED-Displays","description":"","publisher":{"@id":"https:\/\/www.act-thielmann.at\/#organization"},"potentialAction":[{"@type":"SearchAction","target":{"@type":"EntryPoint","urlTemplate":"https:\/\/www.act-thielmann.at\/?s={search_term_string}"},"query-input":{"@type":"PropertyValueSpecification","valueRequired":true,"valueName":"search_term_string"}}],"inLanguage":"en-US"},{"@type":"Organization","@id":"https:\/\/www.act-thielmann.at\/#organization","name":"ACT Anzeige- & Informationstechnik GmbH.","url":"https:\/\/www.act-thielmann.at\/","logo":{"@type":"ImageObject","inLanguage":"en-US","@id":"https:\/\/www.act-thielmann.at\/#\/schema\/logo\/image\/","url":"https:\/\/www.act-thielmann.at\/wp\/wp-content\/uploads\/2023\/02\/ACT_logo_dunkel_600x600.jpg","contentUrl":"https:\/\/www.act-thielmann.at\/wp\/wp-content\/uploads\/2023\/02\/ACT_logo_dunkel_600x600.jpg","width":600,"height":600,"caption":"ACT Anzeige- & Informationstechnik GmbH."},"image":{"@id":"https:\/\/www.act-thielmann.at\/#\/schema\/logo\/image\/"},"sameAs":["https:\/\/www.facebook.com\/videowand","https:\/\/x.com\/videowand"]}]}},"amp_enabled":true,"_links":{"self":[{"href":"https:\/\/www.act-thielmann.at\/en\/wp-json\/wp\/v2\/pages\/24706","targetHints":{"allow":["GET"]}}],"collection":[{"href":"https:\/\/www.act-thielmann.at\/en\/wp-json\/wp\/v2\/pages"}],"about":[{"href":"https:\/\/www.act-thielmann.at\/en\/wp-json\/wp\/v2\/types\/page"}],"author":[{"embeddable":true,"href":"https:\/\/www.act-thielmann.at\/en\/wp-json\/wp\/v2\/users\/6"}],"replies":[{"embeddable":true,"href":"https:\/\/www.act-thielmann.at\/en\/wp-json\/wp\/v2\/comments?post=24706"}],"version-history":[{"count":0,"href":"https:\/\/www.act-thielmann.at\/en\/wp-json\/wp\/v2\/pages\/24706\/revisions"}],"up":[{"embeddable":true,"href":"https:\/\/www.act-thielmann.at\/en\/wp-json\/wp\/v2\/pages\/24708"}],"wp:attachment":[{"href":"https:\/\/www.act-thielmann.at\/en\/wp-json\/wp\/v2\/media?parent=24706"}],"wp:term":[{"taxonomy":"news","embeddable":true,"href":"https:\/\/www.act-thielmann.at\/en\/wp-json\/wp\/v2\/news?post=24706"}],"curies":[{"name":"wp","href":"https:\/\/api.w.org\/{rel}","templated":true}]}}