{"id":24678,"date":"2013-08-06T15:16:13","date_gmt":"2013-09-25T00:45:08","guid":{"rendered":"http:\/\/www.act-thielmann.at\/?page_id=24678"},"modified":"2013-11-28T19:18:31","modified_gmt":"2013-11-28T18:18:31","slug":"videoplakat","status":"publish","type":"page","link":"https:\/\/www.act-thielmann.at\/en\/products\/led-displays\/led-videowalls\/videoplakat\/","title":{"rendered":"Video Poster"},"content":{"rendered":"\n<style type=\"text\/css\" data-created_by=\"avia_inline_auto\" id=\"style-css-av-av_heading-e2846cd55d0eec713417a025e911b092\">\n#top .av-special-heading.av-av_heading-e2846cd55d0eec713417a025e911b092{\npadding-bottom:20px;\n}\nbody .av-special-heading.av-av_heading-e2846cd55d0eec713417a025e911b092 .av-special-heading-tag .heading-char{\nfont-size:25px;\n}\n.av-special-heading.av-av_heading-e2846cd55d0eec713417a025e911b092 .av-subheading{\nfont-size:15px;\n}\n<\/style>\n<div  class='av-special-heading av-av_heading-e2846cd55d0eec713417a025e911b092 av-special-heading-h3  avia-builder-el-0  el_before_av_one_half  avia-builder-el-first '><h3 class='av-special-heading-tag '  itemprop=\"headline\"  >Video Poster<\/h3><div class=\"special-heading-border\"><div class=\"special-heading-inner-border\"><\/div><\/div><\/div>\n<div  class='flex_column av-av_one_half-2a9015ff38129c418a3f2eafba3e9512 av_one_half  avia-builder-el-1  el_after_av_heading  el_before_av_one_half  first flex_column_div  '     ><section  class='av_textblock_section av-av_textblock-e5ce4ddc31864ec92fd4cd9b43e75e5c '   itemscope=\"itemscope\" itemtype=\"https:\/\/schema.org\/CreativeWork\" ><div class='avia_textblock'  itemprop=\"text\" ><p>Der Begriff Videoplakat steht f\u00fcr ein Format und f\u00fcr die neuen Anwendungsm\u00f6glichkeiten, die sich daraus ergeben.<\/p>\n<div id=\"kgvid_kgvid_0_wrapper\" class=\"kgvid_wrapper kgvid_wrapper_inline kgvid_wrapper_auto_left kgvid_wrapper_auto_right\">\n\t\t\t<div id=\"video_kgvid_0_div\" class=\"fitvidsignore kgvid_videodiv\" data-id=\"kgvid_0\" data-kgvid_video_vars=\"{&quot;id&quot;:&quot;kgvid_0&quot;,&quot;attachment_id&quot;:20930,&quot;player_type&quot;:&quot;WordPress Default&quot;,&quot;width&quot;:&quot;480&quot;,&quot;height&quot;:&quot;270&quot;,&quot;fullwidth&quot;:&quot;true&quot;,&quot;fixed_aspect&quot;:&quot;false&quot;,&quot;countable&quot;:true,&quot;count_views&quot;:&quot;quarters&quot;,&quot;start&quot;:&quot;&quot;,&quot;autoplay&quot;:&quot;false&quot;,&quot;pauseothervideos&quot;:&quot;true&quot;,&quot;set_volume&quot;:&quot;1&quot;,&quot;muted&quot;:&quot;false&quot;,&quot;meta&quot;:true,&quot;endofvideooverlay&quot;:&quot;https:\\\/\\\/www.act-thielmann.at\\\/wp\\\/wp-content\\\/uploads\\\/2013\\\/08\\\/LE-GO_16v_2x1m_Trailer_thumb8.jpg&quot;,&quot;resize&quot;:&quot;true&quot;,&quot;auto_res&quot;:&quot;automatic&quot;,&quot;pixel_ratio&quot;:&quot;true&quot;,&quot;right_click&quot;:&quot;on&quot;,&quot;playback_rate&quot;:&quot;true&quot;,&quot;title&quot;:&quot;LE-GO_16v_2x1m_Trailer&quot;,&quot;skip_buttons&quot;:[]}\" itemprop=\"video\" itemscope itemtype=\"https:\/\/schema.org\/VideoObject\"><meta itemprop=\"thumbnailUrl\" content=\"https:\/\/www.act-thielmann.at\/wp\/wp-content\/uploads\/2013\/08\/LE-GO_16v_2x1m_Trailer_thumb8.jpg\"><meta itemprop=\"embedUrl\" content=\"https:\/\/www.act-thielmann.at\/wp\/?attachment_id=20930&#038;videopack%5Benable%5D=true\"><meta itemprop=\"contentUrl\" content=\"https:\/\/www.act-thielmann.at\/wp\/wp-content\/uploads\/2013\/08\/LE-GO_16v_2x1m_Trailer.flv\"><meta itemprop=\"name\" content=\"LE-GO_16v_2x1m_Trailer\"><meta itemprop=\"description\" content=\"Videoplakat\"><meta itemprop=\"uploadDate\" content=\"2013-08-19T10:22:45+01:00\"><div style=\"width: 480px\" class=\"wp-video\"><video class=\"wp-video-shortcode\" id=\"video-24678-1\" width=\"480\" height=\"270\" poster=\"https:\/\/www.act-thielmann.at\/wp\/wp-content\/uploads\/2013\/08\/LE-GO_16v_2x1m_Trailer_thumb8.jpg\" preload=\"metadata\" controls=\"controls\"><source src=\"https:\/\/www.act-thielmann.at\/wp\/wp-content\/uploads\/2013\/08\/LE-GO_16v_2x1m_Trailer-480.mp4\" type=\"video\/mp4\" data-res=\"480p\" \/><source src=\"https:\/\/www.act-thielmann.at\/wp\/wp-content\/uploads\/2013\/08\/LE-GO_16v_2x1m_Trailer.webm\" type=\"video\/webm\" data-res=\"WEBM VP8\" \/><source src=\"https:\/\/www.act-thielmann.at\/wp\/wp-content\/uploads\/2013\/08\/LE-GO_16v_2x1m_Trailer.ogv\" type=\"video\/ogg\" data-res=\"OGV\" \/><a href=\"https:\/\/www.act-thielmann.at\/wp\/wp-content\/uploads\/2013\/08\/LE-GO_16v_2x1m_Trailer-480.mp4\">https:\/\/www.act-thielmann.at\/wp\/wp-content\/uploads\/2013\/08\/LE-GO_16v_2x1m_Trailer-480.mp4<\/a><\/video><\/div>\t\t\t<\/div>\n\t\t\t<div class=\"kgvid_below_video\" id=\"video_kgvid_0_below\"><div class=\"kgvid-caption\" id=\"video_kgvid_0_caption\">Videoplakat<\/div><\/div>\t\t\t<div style=\"display:none\" id=\"video_kgvid_0_meta\" class=\"kgvid_video_meta kgvid_video_meta_hover \">\n\t\t\t\t<span class='kgvid_meta_icons'>\t\t\t\t<span id='kgvid_kgvid_0_shareicon' class='vjs-icon-share' onclick='kgvid_share_icon_click(\"kgvid_0\");'><\/span>\n\t\t\t\t<div id='click_trap_kgvid_0' class='kgvid_click_trap'><\/div><div id='video_kgvid_0_embed' class='kgvid_share_container'><div class='kgvid_share_icons'><div class='kgvid_social_icons'><a title='Share on Twitter' href='https:\/\/twitter.com\/share?text=LE-GO_16v_2x1m_Trailer&#038;url=https%3A%2F%2Fwww.act-thielmann.at%2Fen%2Fled-anzeigen-und-prismenwender-unsere-produktpalette%2Fled-displays%2Fvideowaende%2Fvideoplakat%2Fle-go_16v_2x1m_trailer%2F' onclick='window.open(this.href, \"\", \"menubar=no,toolbar=no,resizable=yes,scrollbars=yes,height=260,width=600\");return false;'><span class='vjs-icon-twitter'><\/span><\/a>&nbsp;<a title='Share on Facebook' href='https:\/\/www.facebook.com\/sharer\/sharer.php?u=https%3A%2F%2Fwww.act-thielmann.at%2Fen%2Fled-anzeigen-und-prismenwender-unsere-produktpalette%2Fled-displays%2Fvideowaende%2Fvideoplakat%2Fle-go_16v_2x1m_trailer%2F' onclick='window.open(this.href, \"\", \"menubar=no,toolbar=no,resizable=yes,scrollbars=yes,height=260,width=600\");return false;'><span class='vjs-icon-facebook'><\/span><\/a><\/div><\/div><\/div>\n<\/span>\n\t\t\t\t<span id='video_kgvid_0_title' class='kgvid_title'>LE-GO_16v_2x1m_Trailer<\/span>\n<\/div>\n<div style=\"display:none\" id='video_kgvid_0_watermark' class='kgvid_watermark'><a target='_parent' href='https:\/\/www.act-thielmann.at\/en\/'><img src='\/wp\/wp-content\/uploads\/2013\/04\/ACT-LOGO1.png' alt='watermark'><\/a><\/div>\t\t<\/div>\n<p>Das Plakat ist ein Klassiker der Au\u00dfenwerbung. In der Printversion hat das Plakat jedoch ein paar markante Handicaps. Von der Konzeption bis zum Affichieren ist es ein langer Weg. H\u00e4ngt das Plakat einmal, sind keine \u00c4nderungen m\u00f6glich.<\/p>\n<p>LED-Videodisplays werden immer schlanker und hochaufl\u00f6sender. Da dr\u00e4ngt sich die Idee f\u00f6rmlich auf, mit dem Videoplakat Aktualit\u00e4t und Bewegung in die Au\u00dfenwerbung zu bringen. LED-Videoposter sind bereits ab dem beliebten DIN-A1-Format lieferbar.<\/p>\n<p>Wahrnehmungspsychologisch sind bewegte Bilder ein wesentlich st\u00e4rkerer Reiz als statische Bilder. Wurde ein Printplakat einmal registriert, dann wird es geistig abgehakt. Warum einen zweiten Blick investieren?<\/p>\n<p>Beim Videoplakat k\u00f6nnen zwischen den Werbebotschaften aktuelle News pr\u00e4sentiert werden. Und die Werbebotschaften selbst k\u00f6nnen mit dem schnelleren Produktionsablauf auch wesentlich aktueller gehalten werden.<\/p>\n<\/div><\/section><\/div>\n<div  class='flex_column av-av_one_half-8773f7524f7514ee44503810c6c9ff3a av_one_half  avia-builder-el-3  el_after_av_one_half  el_before_av_hr  flex_column_div  '     ><p><div  class='av_promobox av-av_promobox-4cc942ea643b95519cd8e069ca6ead32 avia-button-yes  avia-builder-el-4  el_before_av_textblock  avia-builder-el-first '><div class='avia-promocontent'><p>\nMore infos needed?<\/p>\n<p>Just contact us.<\/p>\n<\/div><div  class='avia-button-wrap av-av_button-d2462754778e1d6a346b4ff9543997af-wrap avia-button-right '><a href='?page_id=7784'  class='avia-button av-av_button-d2462754778e1d6a346b4ff9543997af av-link-btn avia-icon_select-no avia-size-large avia-position-right avia-color-theme-color'   aria-label=\"Contact\"><span class='avia_iconbox_title' >Contact<\/span><\/a><\/div><\/div><br \/>\n<section  class='av_textblock_section av-av_textblock-e5ce4ddc31864ec92fd4cd9b43e75e5c '   itemscope=\"itemscope\" itemtype=\"https:\/\/schema.org\/CreativeWork\" ><div class='avia_textblock'  itemprop=\"text\" ><p><p>Invalid Displayed Gallery<\/p><\/p>\n<p>Wenn der Countdown-Z\u00e4hler vermeldet: \u201eIn 18 Stunden Er\u00f6ffnung\u201c, kann kein Printplakat mithalten. Das Videoplakat liefert immer einen Grund, noch einmal hinzuschauen.<\/p>\n<blockquote>\n<p>Das Videoplakat ist das perfekte Werbemedium an frequenzstarken Pl\u00e4tzen!<\/p>\n<\/blockquote>\n<\/div><\/section><\/p><\/div><div  class='hr av-av_hr-28dc45c304fdd3a60e56603b626ba246 hr-default  avia-builder-el-6  el_after_av_one_half  el_before_av_icon_box '><span class='hr-inner '><span class=\"hr-inner-style\"><\/span><\/span><\/div><\/p>\n<article  class='iconbox iconbox_left av-av_icon_box-3a10439d0756c8f10d94131f7ed5a6c0  avia-builder-el-7  el_after_av_hr  avia-builder-el-last '  itemscope=\"itemscope\" itemtype=\"https:\/\/schema.org\/CreativeWork\" ><div class=\"iconbox_content\"><header class=\"entry-content-header\" aria-label=\"Icon: Mehr zu Videoplakate\"><div class='iconbox_icon heading-color avia-svg-icon avia-font-svg_entypo-fontello' data-av_svg_icon='12' data-av_iconset='svg_entypo-fontello' ><\/div><h3 class='iconbox_content_title '  itemprop=\"headline\" >Mehr zu Videoplakate<\/h3><\/header><div class='iconbox_content_container '  itemprop=\"text\" ><p><a href=\"http:\/\/www.act-thielmann.at\/tag\/videoplakat\/\">Projekte Videoplakate<\/a><\/p>\n<\/div><\/div><footer class=\"entry-footer\"><\/footer><\/article>\n","protected":false},"excerpt":{"rendered":"","protected":false},"author":6,"featured_media":0,"parent":24663,"menu_order":5,"comment_status":"closed","ping_status":"closed","template":"","meta":{"ngg_post_thumbnail":0,"footnotes":""},"news":[],"class_list":["post-24678","page","type-page","status-publish","hentry"],"yoast_head":"<!-- This site is optimized with the Yoast SEO Premium plugin v27.3 (Yoast SEO v27.5) - https:\/\/yoast.com\/product\/yoast-seo-premium-wordpress\/ -->\n<title>ACT GmbH LED-Displays - Video Poster<\/title>\n<meta name=\"robots\" content=\"index, follow, max-snippet:-1, max-image-preview:large, max-video-preview:-1\" \/>\n<link rel=\"canonical\" href=\"https:\/\/www.act-thielmann.at\/en\/products\/led-displays\/led-videowalls\/videoplakat\/\" \/>\n<meta property=\"og:locale\" content=\"en_US\" \/>\n<meta property=\"og:type\" content=\"article\" \/>\n<meta property=\"og:title\" content=\"Video Poster\" \/>\n<meta property=\"og:url\" content=\"https:\/\/www.act-thielmann.at\/en\/products\/led-displays\/led-videowalls\/videoplakat\/\" \/>\n<meta property=\"og:site_name\" content=\"ACT GmbH LED-Displays\" \/>\n<meta property=\"article:publisher\" content=\"https:\/\/www.facebook.com\/videowand\" \/>\n<meta property=\"article:modified_time\" content=\"2013-11-28T18:18:31+00:00\" \/>\n<meta property=\"og:image\" content=\"http:\/\/www.act-thielmann.at\/nextgen-attach_to_post\/preview\/id--27006\" \/>\n<meta name=\"twitter:card\" content=\"summary_large_image\" \/>\n<meta name=\"twitter:site\" content=\"@videowand\" \/>\n<meta name=\"twitter:label1\" content=\"Est. reading time\" \/>\n\t<meta name=\"twitter:data1\" content=\"2 minutes\" \/>\n<script type=\"application\/ld+json\" class=\"yoast-schema-graph\">{\"@context\":\"https:\\\/\\\/schema.org\",\"@graph\":[{\"@type\":\"WebPage\",\"@id\":\"https:\\\/\\\/www.act-thielmann.at\\\/en\\\/products\\\/led-displays\\\/led-videowalls\\\/videoplakat\\\/\",\"url\":\"https:\\\/\\\/www.act-thielmann.at\\\/en\\\/products\\\/led-displays\\\/led-videowalls\\\/videoplakat\\\/\",\"name\":\"ACT GmbH LED-Displays - Video Poster\",\"isPartOf\":{\"@id\":\"https:\\\/\\\/www.act-thielmann.at\\\/#website\"},\"primaryImageOfPage\":{\"@id\":\"https:\\\/\\\/www.act-thielmann.at\\\/en\\\/products\\\/led-displays\\\/led-videowalls\\\/videoplakat\\\/#primaryimage\"},\"image\":{\"@id\":\"https:\\\/\\\/www.act-thielmann.at\\\/en\\\/products\\\/led-displays\\\/led-videowalls\\\/videoplakat\\\/#primaryimage\"},\"thumbnailUrl\":\"http:\\\/\\\/www.act-thielmann.at\\\/nextgen-attach_to_post\\\/preview\\\/id--27006\",\"datePublished\":\"2013-09-25T00:45:08+00:00\",\"dateModified\":\"2013-11-28T18:18:31+00:00\",\"breadcrumb\":{\"@id\":\"https:\\\/\\\/www.act-thielmann.at\\\/en\\\/products\\\/led-displays\\\/led-videowalls\\\/videoplakat\\\/#breadcrumb\"},\"inLanguage\":\"en-US\",\"potentialAction\":[{\"@type\":\"ReadAction\",\"target\":[\"https:\\\/\\\/www.act-thielmann.at\\\/en\\\/products\\\/led-displays\\\/led-videowalls\\\/videoplakat\\\/\"]}]},{\"@type\":\"ImageObject\",\"inLanguage\":\"en-US\",\"@id\":\"https:\\\/\\\/www.act-thielmann.at\\\/en\\\/products\\\/led-displays\\\/led-videowalls\\\/videoplakat\\\/#primaryimage\",\"url\":\"http:\\\/\\\/www.act-thielmann.at\\\/nextgen-attach_to_post\\\/preview\\\/id--27006\",\"contentUrl\":\"http:\\\/\\\/www.act-thielmann.at\\\/nextgen-attach_to_post\\\/preview\\\/id--27006\"},{\"@type\":\"BreadcrumbList\",\"@id\":\"https:\\\/\\\/www.act-thielmann.at\\\/en\\\/products\\\/led-displays\\\/led-videowalls\\\/videoplakat\\\/#breadcrumb\",\"itemListElement\":[{\"@type\":\"ListItem\",\"position\":1,\"name\":\"Startseite\",\"item\":\"https:\\\/\\\/www.act-thielmann.at\\\/en\\\/\"},{\"@type\":\"ListItem\",\"position\":2,\"name\":\"Products\",\"item\":\"https:\\\/\\\/www.act-thielmann.at\\\/en\\\/products\\\/\"},{\"@type\":\"ListItem\",\"position\":3,\"name\":\"LED Displays\",\"item\":\"https:\\\/\\\/www.act-thielmann.at\\\/en\\\/products\\\/led-displays\\\/\"},{\"@type\":\"ListItem\",\"position\":4,\"name\":\"LED-videowall solutions\",\"item\":\"https:\\\/\\\/www.act-thielmann.at\\\/en\\\/products\\\/led-displays\\\/led-videowalls\\\/\"},{\"@type\":\"ListItem\",\"position\":5,\"name\":\"Video Poster\"}]},{\"@type\":\"WebSite\",\"@id\":\"https:\\\/\\\/www.act-thielmann.at\\\/#website\",\"url\":\"https:\\\/\\\/www.act-thielmann.at\\\/\",\"name\":\"ACT GmbH LED-Displays\",\"description\":\"\",\"publisher\":{\"@id\":\"https:\\\/\\\/www.act-thielmann.at\\\/#organization\"},\"potentialAction\":[{\"@type\":\"SearchAction\",\"target\":{\"@type\":\"EntryPoint\",\"urlTemplate\":\"https:\\\/\\\/www.act-thielmann.at\\\/?s={search_term_string}\"},\"query-input\":{\"@type\":\"PropertyValueSpecification\",\"valueRequired\":true,\"valueName\":\"search_term_string\"}}],\"inLanguage\":\"en-US\"},{\"@type\":\"Organization\",\"@id\":\"https:\\\/\\\/www.act-thielmann.at\\\/#organization\",\"name\":\"ACT Anzeige- & Informationstechnik GmbH.\",\"url\":\"https:\\\/\\\/www.act-thielmann.at\\\/\",\"logo\":{\"@type\":\"ImageObject\",\"inLanguage\":\"en-US\",\"@id\":\"https:\\\/\\\/www.act-thielmann.at\\\/#\\\/schema\\\/logo\\\/image\\\/\",\"url\":\"https:\\\/\\\/www.act-thielmann.at\\\/wp\\\/wp-content\\\/uploads\\\/2023\\\/02\\\/ACT_logo_dunkel_600x600.jpg\",\"contentUrl\":\"https:\\\/\\\/www.act-thielmann.at\\\/wp\\\/wp-content\\\/uploads\\\/2023\\\/02\\\/ACT_logo_dunkel_600x600.jpg\",\"width\":600,\"height\":600,\"caption\":\"ACT Anzeige- & Informationstechnik GmbH.\"},\"image\":{\"@id\":\"https:\\\/\\\/www.act-thielmann.at\\\/#\\\/schema\\\/logo\\\/image\\\/\"},\"sameAs\":[\"https:\\\/\\\/www.facebook.com\\\/videowand\",\"https:\\\/\\\/x.com\\\/videowand\"]}]}<\/script>\n<!-- \/ Yoast SEO Premium plugin. -->","yoast_head_json":{"title":"ACT GmbH LED-Displays - Video Poster","robots":{"index":"index","follow":"follow","max-snippet":"max-snippet:-1","max-image-preview":"max-image-preview:large","max-video-preview":"max-video-preview:-1"},"canonical":"https:\/\/www.act-thielmann.at\/en\/products\/led-displays\/led-videowalls\/videoplakat\/","og_locale":"en_US","og_type":"article","og_title":"Video Poster","og_url":"https:\/\/www.act-thielmann.at\/en\/products\/led-displays\/led-videowalls\/videoplakat\/","og_site_name":"ACT GmbH LED-Displays","article_publisher":"https:\/\/www.facebook.com\/videowand","article_modified_time":"2013-11-28T18:18:31+00:00","og_image":[{"url":"http:\/\/www.act-thielmann.at\/nextgen-attach_to_post\/preview\/id--27006","type":"","width":"","height":""}],"twitter_card":"summary_large_image","twitter_site":"@videowand","twitter_misc":{"Est. reading time":"2 minutes"},"schema":{"@context":"https:\/\/schema.org","@graph":[{"@type":"WebPage","@id":"https:\/\/www.act-thielmann.at\/en\/products\/led-displays\/led-videowalls\/videoplakat\/","url":"https:\/\/www.act-thielmann.at\/en\/products\/led-displays\/led-videowalls\/videoplakat\/","name":"ACT GmbH LED-Displays - Video Poster","isPartOf":{"@id":"https:\/\/www.act-thielmann.at\/#website"},"primaryImageOfPage":{"@id":"https:\/\/www.act-thielmann.at\/en\/products\/led-displays\/led-videowalls\/videoplakat\/#primaryimage"},"image":{"@id":"https:\/\/www.act-thielmann.at\/en\/products\/led-displays\/led-videowalls\/videoplakat\/#primaryimage"},"thumbnailUrl":"http:\/\/www.act-thielmann.at\/nextgen-attach_to_post\/preview\/id--27006","datePublished":"2013-09-25T00:45:08+00:00","dateModified":"2013-11-28T18:18:31+00:00","breadcrumb":{"@id":"https:\/\/www.act-thielmann.at\/en\/products\/led-displays\/led-videowalls\/videoplakat\/#breadcrumb"},"inLanguage":"en-US","potentialAction":[{"@type":"ReadAction","target":["https:\/\/www.act-thielmann.at\/en\/products\/led-displays\/led-videowalls\/videoplakat\/"]}]},{"@type":"ImageObject","inLanguage":"en-US","@id":"https:\/\/www.act-thielmann.at\/en\/products\/led-displays\/led-videowalls\/videoplakat\/#primaryimage","url":"http:\/\/www.act-thielmann.at\/nextgen-attach_to_post\/preview\/id--27006","contentUrl":"http:\/\/www.act-thielmann.at\/nextgen-attach_to_post\/preview\/id--27006"},{"@type":"BreadcrumbList","@id":"https:\/\/www.act-thielmann.at\/en\/products\/led-displays\/led-videowalls\/videoplakat\/#breadcrumb","itemListElement":[{"@type":"ListItem","position":1,"name":"Startseite","item":"https:\/\/www.act-thielmann.at\/en\/"},{"@type":"ListItem","position":2,"name":"Products","item":"https:\/\/www.act-thielmann.at\/en\/products\/"},{"@type":"ListItem","position":3,"name":"LED Displays","item":"https:\/\/www.act-thielmann.at\/en\/products\/led-displays\/"},{"@type":"ListItem","position":4,"name":"LED-videowall solutions","item":"https:\/\/www.act-thielmann.at\/en\/products\/led-displays\/led-videowalls\/"},{"@type":"ListItem","position":5,"name":"Video Poster"}]},{"@type":"WebSite","@id":"https:\/\/www.act-thielmann.at\/#website","url":"https:\/\/www.act-thielmann.at\/","name":"ACT GmbH LED-Displays","description":"","publisher":{"@id":"https:\/\/www.act-thielmann.at\/#organization"},"potentialAction":[{"@type":"SearchAction","target":{"@type":"EntryPoint","urlTemplate":"https:\/\/www.act-thielmann.at\/?s={search_term_string}"},"query-input":{"@type":"PropertyValueSpecification","valueRequired":true,"valueName":"search_term_string"}}],"inLanguage":"en-US"},{"@type":"Organization","@id":"https:\/\/www.act-thielmann.at\/#organization","name":"ACT Anzeige- & Informationstechnik GmbH.","url":"https:\/\/www.act-thielmann.at\/","logo":{"@type":"ImageObject","inLanguage":"en-US","@id":"https:\/\/www.act-thielmann.at\/#\/schema\/logo\/image\/","url":"https:\/\/www.act-thielmann.at\/wp\/wp-content\/uploads\/2023\/02\/ACT_logo_dunkel_600x600.jpg","contentUrl":"https:\/\/www.act-thielmann.at\/wp\/wp-content\/uploads\/2023\/02\/ACT_logo_dunkel_600x600.jpg","width":600,"height":600,"caption":"ACT Anzeige- & Informationstechnik GmbH."},"image":{"@id":"https:\/\/www.act-thielmann.at\/#\/schema\/logo\/image\/"},"sameAs":["https:\/\/www.facebook.com\/videowand","https:\/\/x.com\/videowand"]}]}},"amp_enabled":true,"_links":{"self":[{"href":"https:\/\/www.act-thielmann.at\/en\/wp-json\/wp\/v2\/pages\/24678","targetHints":{"allow":["GET"]}}],"collection":[{"href":"https:\/\/www.act-thielmann.at\/en\/wp-json\/wp\/v2\/pages"}],"about":[{"href":"https:\/\/www.act-thielmann.at\/en\/wp-json\/wp\/v2\/types\/page"}],"author":[{"embeddable":true,"href":"https:\/\/www.act-thielmann.at\/en\/wp-json\/wp\/v2\/users\/6"}],"replies":[{"embeddable":true,"href":"https:\/\/www.act-thielmann.at\/en\/wp-json\/wp\/v2\/comments?post=24678"}],"version-history":[{"count":0,"href":"https:\/\/www.act-thielmann.at\/en\/wp-json\/wp\/v2\/pages\/24678\/revisions"}],"up":[{"embeddable":true,"href":"https:\/\/www.act-thielmann.at\/en\/wp-json\/wp\/v2\/pages\/24663"}],"wp:attachment":[{"href":"https:\/\/www.act-thielmann.at\/en\/wp-json\/wp\/v2\/media?parent=24678"}],"wp:term":[{"taxonomy":"news","embeddable":true,"href":"https:\/\/www.act-thielmann.at\/en\/wp-json\/wp\/v2\/news?post=24678"}],"curies":[{"name":"wp","href":"https:\/\/api.w.org\/{rel}","templated":true}]}}