{"id":24660,"date":"2013-07-23T13:33:29","date_gmt":"2013-09-25T00:13:31","guid":{"rendered":"http:\/\/www.act-thielmann.at\/?page_id=24660"},"modified":"2013-09-25T02:13:31","modified_gmt":"2013-09-25T00:13:31","slug":"functional-displays","status":"publish","type":"page","link":"https:\/\/www.act-thielmann.at\/en\/products\/functional-displays\/","title":{"rendered":"Functional Displays"},"content":{"rendered":"\n<style type=\"text\/css\" data-created_by=\"avia_inline_auto\" id=\"style-css-av-av_heading-76ce21941901c595b4abca2b4ee5abbc\">\n#top .av-special-heading.av-av_heading-76ce21941901c595b4abca2b4ee5abbc{\npadding-bottom:20px;\n}\nbody .av-special-heading.av-av_heading-76ce21941901c595b4abca2b4ee5abbc .av-special-heading-tag .heading-char{\nfont-size:25px;\n}\n.av-special-heading.av-av_heading-76ce21941901c595b4abca2b4ee5abbc .av-subheading{\nfont-size:15px;\n}\n<\/style>\n<div  class='av-special-heading av-av_heading-76ce21941901c595b4abca2b4ee5abbc av-special-heading-h3  avia-builder-el-0  el_before_av_one_half  avia-builder-el-first '><h3 class='av-special-heading-tag '  itemprop=\"headline\"  >Functional Displays<\/h3><div class=\"special-heading-border\"><div class=\"special-heading-inner-border\"><\/div><\/div><\/div>\n<div  class='flex_column av-av_one_half-2a9015ff38129c418a3f2eafba3e9512 av_one_half  avia-builder-el-1  el_after_av_heading  el_before_av_one_half  first flex_column_div  '     ><p><section  class='av_textblock_section av-av_textblock-e5ce4ddc31864ec92fd4cd9b43e75e5c '   itemscope=\"itemscope\" itemtype=\"https:\/\/schema.org\/CreativeWork\" ><div class='avia_textblock'  itemprop=\"text\" ><p>Our functional displays are the universally applicable. They were designed by ACT for a special area and the assigned task that they will fulfill perfectly.<\/p>\n<p>ACT continues developing individual displays for highly specialized applications. You may rely on our know how as many of our customers appreciate the standards that ACT has set in quality, performance and price-performance ratio.<\/p>\n<\/div><\/section><br \/>\n<div  class='avia-slideshow av-av_slideshow-6cdac849779a78ef4687052949e69173 avia-slideshow-no scaling av_slideshow avia-slide-slider  avia-builder-el-3  el_after_av_textblock  avia-builder-el-last  av-slideshow-ui av-control-default av-slideshow-autoplay av-loop-endless av-loop-manual-endless avia-slideshow-1' data-slideshow-options=\"{&quot;animation&quot;:&quot;slide&quot;,&quot;autoplay&quot;:true,&quot;loop_autoplay&quot;:&quot;endless&quot;,&quot;interval&quot;:5,&quot;loop_manual&quot;:&quot;manual-endless&quot;,&quot;autoplay_stopper&quot;:false,&quot;noNavigation&quot;:false,&quot;bg_slider&quot;:false,&quot;keep_padding&quot;:false,&quot;hoverpause&quot;:false,&quot;show_slide_delay&quot;:0}\"  itemprop=\"image\" itemscope=\"itemscope\" itemtype=\"https:\/\/schema.org\/ImageObject\" ><ul class='avia-slideshow-inner ' ><\/ul><\/div><\/p><\/div><div  class='flex_column av-av_one_half-8773f7524f7514ee44503810c6c9ff3a av_one_half  avia-builder-el-4  el_after_av_one_half  avia-builder-el-last  flex_column_div  '     ><p><div  class='av_promobox av-av_promobox-4cc942ea643b95519cd8e069ca6ead32 avia-button-yes  avia-builder-el-5  el_before_av_toggle_container  avia-builder-el-first '><div class='avia-promocontent'><p>\nSie interessieren sich f\u00fcr eine unserer Spezialanzeigen?<strong><br \/>\n<\/strong><\/p>\n<\/div><div  class='avia-button-wrap av-av_button-d2462754778e1d6a346b4ff9543997af-wrap avia-button-right '><a href='?page_id=7784'  class='avia-button av-av_button-d2462754778e1d6a346b4ff9543997af av-link-btn avia-icon_select-no avia-size-large avia-position-right avia-color-theme-color'   aria-label=\"Contact\"><span class='avia_iconbox_title' >Contact<\/span><\/a><\/div><\/div><br \/>\n<div  class='togglecontainer av-av_toggle_container-58d3b55d78679e2c4a6f7b2e625e97f8  avia-builder-el-6  el_after_av_promobox  avia-builder-el-last  toggle_close_all' >\n<section class='av_toggle_section av-av_toggle-7f0393e1f2d266f841afb5c60ab8e616'  itemscope=\"itemscope\" itemtype=\"https:\/\/schema.org\/CreativeWork\" ><div role=\"tablist\" class=\"single_toggle\" data-tags=\"{All} \"  ><p id='toggle-toggle-id-1' data-fake-id='#toggle-id-1' class='toggler  activeTitle av-title-above '  itemprop=\"headline\"  role='tab' tabindex='0' aria-controls='toggle-id-1' data-slide-speed=\"200\" data-title=\"Sportanzeigen\" data-title-open=\"\" data-aria_collapsed=\"Click to expand: Sportanzeigen\" data-aria_expanded=\"Click to collapse: Sportanzeigen\">Sportanzeigen<span class=\"toggle_icon\"><span class=\"vert_icon\"><\/span><span class=\"hor_icon\"><\/span><\/span><\/p><div id='toggle-id-1' aria-labelledby='toggle-toggle-id-1' role='region' class='toggle_wrap  active_tc av-title-above' style='display:block;' ><div class='toggle_content invers-color '  itemprop=\"text\" ><p>Fu\u00dfball, Schwimmen, Motorsport oder Tischtennis \u2014 so vielf\u00e4ltig wie die Sportarten sind die Sportanzeigen, die wir ihnen Anbieten k\u00f6nnen.<\/p>\n<p>Besuchen Sie unsere <a href=\"?page_id=16718\">Produktseite<\/a> oder lassen Sie sich von unseren realisierten <a href=\"http:\/\/www.act-thielmann.at\/category\/projekte\/funktionsanzeigen\/sportanzeigen\/\">Sportanzeige-Projekten<\/a> inspirieren.<\/p>\n<\/div><\/div><\/div><\/section>\n<section class='av_toggle_section av-av_toggle-484c5256b26860defa709733dbc23ffe'  itemscope=\"itemscope\" itemtype=\"https:\/\/schema.org\/CreativeWork\" ><div role=\"tablist\" class=\"single_toggle\" data-tags=\"{All} \"  ><p id='toggle-toggle-id-2' data-fake-id='#toggle-id-2' class='toggler  av-title-above '  itemprop=\"headline\"  role='tab' tabindex='0' aria-controls='toggle-id-2' data-slide-speed=\"200\" data-title=\"Tankstellenpreisanzeigen\" data-title-open=\"\" data-aria_collapsed=\"Click to expand: Tankstellenpreisanzeigen\" data-aria_expanded=\"Click to collapse: Tankstellenpreisanzeigen\">Tankstellenpreisanzeigen<span class=\"toggle_icon\"><span class=\"vert_icon\"><\/span><span class=\"hor_icon\"><\/span><\/span><\/p><div id='toggle-id-2' aria-labelledby='toggle-toggle-id-2' role='region' class='toggle_wrap  av-title-above'  ><div class='toggle_content invers-color '  itemprop=\"text\" ><p>Preis\u00e4nderungen elektronisch einfach und rasch durchf\u00fchren zu k\u00f6nnen, ist inzwischen kein Luxus mehr sondern eine Notwendigkeit, da die Preise mittlerweile schon mehrmals t\u00e4glich ge\u00e4ndert werden.<\/p>\n<p>Besuchen Sie unsere <a href=\"?page_id=16720\">Produktseite<\/a> oder lassen Sie sich von unseren <a href=\"http:\/\/www.act-thielmann.at\/category\/projekte\/funktionsanzeigen\/preisanzeigen\/\">Preisanzeige-Projekten<\/a> inspirieren.<\/p>\n<\/div><\/div><\/div><\/section>\n<section class='av_toggle_section av-av_toggle-0097826f5652154a195280b7256227c3'  itemscope=\"itemscope\" itemtype=\"https:\/\/schema.org\/CreativeWork\" ><div role=\"tablist\" class=\"single_toggle\" data-tags=\"{All} \"  ><p id='toggle-toggle-id-3' data-fake-id='#toggle-id-3' class='toggler  av-title-above '  itemprop=\"headline\"  role='tab' tabindex='0' aria-controls='toggle-id-3' data-slide-speed=\"200\" data-title=\"Zeit-, Datums- und Temperaturanzeigen\" data-title-open=\"\" data-aria_collapsed=\"Click to expand: Zeit-, Datums- und Temperaturanzeigen\" data-aria_expanded=\"Click to collapse: Zeit-, Datums- und Temperaturanzeigen\">Zeit-, Datums- und Temperaturanzeigen<span class=\"toggle_icon\"><span class=\"vert_icon\"><\/span><span class=\"hor_icon\"><\/span><\/span><\/p><div id='toggle-id-3' aria-labelledby='toggle-toggle-id-3' role='region' class='toggle_wrap  av-title-above'  ><div class='toggle_content invers-color '  itemprop=\"text\" ><p>Eine Zeit- und Temperaturanzeige ist ein preiswerter Eyecatcher, der seine Wirkung nicht verliert!<\/p>\n<p>Besuchen Sie unsere <a href=\"?page_id=16722\">Produktseite<\/a> oder lassen Sie sich von unseren <a href=\"http:\/\/www.act-thielmann.at\/category\/projekte\/funktionsanzeigen\/zeitanzeigen\/\">Zeitanzeige-Projekten<\/a> inspirieren.<\/p>\n<\/div><\/div><\/div><\/section>\n<section class='av_toggle_section av-av_toggle-3ef547c5e20642f15d72cb37f16a3aa4'  itemscope=\"itemscope\" itemtype=\"https:\/\/schema.org\/CreativeWork\" ><div role=\"tablist\" class=\"single_toggle\" data-tags=\"{All} \"  ><p id='toggle-toggle-id-4' data-fake-id='#toggle-id-4' class='toggler  av-title-above '  itemprop=\"headline\"  role='tab' tabindex='0' aria-controls='toggle-id-4' data-slide-speed=\"200\" data-title=\"Safetydisplays\" data-title-open=\"\" data-aria_collapsed=\"Click to expand: Safetydisplays\" data-aria_expanded=\"Click to collapse: Safetydisplays\">Safetydisplays<span class=\"toggle_icon\"><span class=\"vert_icon\"><\/span><span class=\"hor_icon\"><\/span><\/span><\/p><div id='toggle-id-4' aria-labelledby='toggle-toggle-id-4' role='region' class='toggle_wrap  av-title-above'  ><div class='toggle_content invers-color '  itemprop=\"text\" ><p>ACT-Safetydisplays verbessern das Bewusstsein der Mitarbeiter f\u00fcr Sicherheitsvorkehrungen und die Einhaltung von Sicherheitsverfahren am Arbeitsplatz.<\/p>\n<p>Hier geht es weiter zur <a href=\"?page_id=16726\">Produktseite f\u00fcr Safetydisplays<\/a> und zu den <a href=\"http:\/\/www.act-thielmann.at\/category\/projekte\/funktionsanzeigen\/safetydisplays\/\">Referenzprojekten<\/a>.<\/p>\n<\/div><\/div><\/div><\/section>\n<section class='av_toggle_section av-av_toggle-6312d15a0e06c50b98c7a2d2c5dbcd4d'  itemscope=\"itemscope\" itemtype=\"https:\/\/schema.org\/CreativeWork\" ><div role=\"tablist\" class=\"single_toggle\" data-tags=\"{All} \"  ><p id='toggle-toggle-id-5' data-fake-id='#toggle-id-5' class='toggler  av-title-above '  itemprop=\"headline\"  role='tab' tabindex='0' aria-controls='toggle-id-5' data-slide-speed=\"200\" data-title=\"Produktionsanzeigen\" data-title-open=\"\" data-aria_collapsed=\"Click to expand: Produktionsanzeigen\" data-aria_expanded=\"Click to collapse: Produktionsanzeigen\">Produktionsanzeigen<span class=\"toggle_icon\"><span class=\"vert_icon\"><\/span><span class=\"hor_icon\"><\/span><\/span><\/p><div id='toggle-id-5' aria-labelledby='toggle-toggle-id-5' role='region' class='toggle_wrap  av-title-above'  ><div class='toggle_content invers-color '  itemprop=\"text\" ><p>Die Mitarbeiter \u00fcber Produktionsziele und die tats\u00e4chliche Produktion zu informieren, motiviert und f\u00fchrt zu deutlich gesteigerter Produktion!<\/p>\n<p>F\u00fcr weitere Informationen zu Produktionsanzeigen besuchen Sie bitte die <a href=\"?page_id=16729\">Produktseite<\/a> oder sehen Sie bei den <a href=\"http:\/\/www.act-thielmann.at\/category\/projekte\/funktionsanzeigen\/produktionsanzeigen\/\">Projekten<\/a> nach.<\/p>\n<\/div><\/div><\/div><\/section>\n<section class='av_toggle_section av-av_toggle-297983f99dfc65c4b599fe196ad1074c'  itemscope=\"itemscope\" itemtype=\"https:\/\/schema.org\/CreativeWork\" ><div role=\"tablist\" class=\"single_toggle\" data-tags=\"{All} \"  ><p id='toggle-toggle-id-6' data-fake-id='#toggle-id-6' class='toggler  av-title-above '  itemprop=\"headline\"  role='tab' tabindex='0' aria-controls='toggle-id-6' data-slide-speed=\"200\" data-title=\"Geschwindigkeitsanzeigen\" data-title-open=\"\" data-aria_collapsed=\"Click to expand: Geschwindigkeitsanzeigen\" data-aria_expanded=\"Click to collapse: Geschwindigkeitsanzeigen\">Geschwindigkeitsanzeigen<span class=\"toggle_icon\"><span class=\"vert_icon\"><\/span><span class=\"hor_icon\"><\/span><\/span><\/p><div id='toggle-id-6' aria-labelledby='toggle-toggle-id-6' role='region' class='toggle_wrap  av-title-above'  ><div class='toggle_content invers-color '  itemprop=\"text\" ><p>Wo immer Geschwindigkeit gemessen wird, kann die Geschwindigkeit mit LED-Displays von ACT angezeigt werden.<\/p>\n<p>Besuchen Sie unsere <a href=\"?page_id=16724\">Produktseite<\/a>. Hier geht es zu den <a href=\"http:\/\/www.act-thielmann.at\/category\/projekte\/funktionsanzeigen\/geschwindigkeitsanzeigen\/\">Referenzprojekten<\/a>.<\/p>\n<\/div><\/div><\/div><\/section>\n<section class='av_toggle_section av-av_toggle-3a0ba86086ed86c2e292cac6369a605c'  itemscope=\"itemscope\" itemtype=\"https:\/\/schema.org\/CreativeWork\" ><div role=\"tablist\" class=\"single_toggle\" data-tags=\"{All} \"  ><p id='toggle-toggle-id-7' data-fake-id='#toggle-id-7' class='toggler  av-title-above '  itemprop=\"headline\"  role='tab' tabindex='0' aria-controls='toggle-id-7' data-slide-speed=\"200\" data-title=\"Leitysteme\" data-title-open=\"\" data-aria_collapsed=\"Click to expand: Leitysteme\" data-aria_expanded=\"Click to collapse: Leitysteme\">Leitysteme<span class=\"toggle_icon\"><span class=\"vert_icon\"><\/span><span class=\"hor_icon\"><\/span><\/span><\/p><div id='toggle-id-7' aria-labelledby='toggle-toggle-id-7' role='region' class='toggle_wrap  av-title-above'  ><div class='toggle_content invers-color '  itemprop=\"text\" ><p>Wenn Verkehrsstr\u00f6me oder andere Abl\u00e4ufe gesteuert werden m\u00fcssen, kommen die Leitsysteme von ACT zum Einsatz. Die Einsatzm\u00f6glichkeiten sind vielf\u00e4ltig und nicht auf Kraftfahrzeuge oder den Stra\u00dfenverkehr beschr\u00e4nkt.<\/p>\n<p>Zur <a href=\"?page_id=16731\">Produktseite Leitsysteme<\/a>. Zu den <a href=\"http:\/\/www.act-thielmann.at\/category\/projekte\/funktionsanzeigen\/leitsysteme\/\">Referenzprojekten<\/a>.<\/p>\n<\/div><\/div><\/div><\/section>\n<\/div><\/p><\/div><\/p>\n","protected":false},"excerpt":{"rendered":"","protected":false},"author":6,"featured_media":0,"parent":24611,"menu_order":2,"comment_status":"closed","ping_status":"closed","template":"","meta":{"ngg_post_thumbnail":0,"footnotes":""},"news":[],"class_list":["post-24660","page","type-page","status-publish","hentry"],"yoast_head":"<!-- This site is optimized with the Yoast SEO Premium plugin v27.3 (Yoast SEO v27.4) - https:\/\/yoast.com\/product\/yoast-seo-premium-wordpress\/ -->\n<title>ACT GmbH LED-Displays - Functional Displays<\/title>\n<meta name=\"robots\" content=\"index, follow, max-snippet:-1, max-image-preview:large, max-video-preview:-1\" \/>\n<link rel=\"canonical\" href=\"https:\/\/www.act-thielmann.at\/en\/products\/functional-displays\/\" \/>\n<meta property=\"og:locale\" content=\"en_US\" \/>\n<meta property=\"og:type\" content=\"article\" \/>\n<meta property=\"og:title\" content=\"Functional Displays\" \/>\n<meta property=\"og:url\" content=\"https:\/\/www.act-thielmann.at\/en\/products\/functional-displays\/\" \/>\n<meta property=\"og:site_name\" content=\"ACT GmbH LED-Displays\" \/>\n<meta property=\"article:publisher\" content=\"https:\/\/www.facebook.com\/videowand\" \/>\n<meta property=\"og:image\" content=\"https:\/\/www.act-thielmann.at\/wp\/wp-content\/uploads\/2023\/02\/praterdome1.jpg\" \/>\n\t<meta property=\"og:image:width\" content=\"1475\" \/>\n\t<meta property=\"og:image:height\" content=\"803\" \/>\n\t<meta property=\"og:image:type\" content=\"image\/jpeg\" \/>\n<meta name=\"twitter:card\" content=\"summary_large_image\" \/>\n<meta name=\"twitter:site\" content=\"@videowand\" \/>\n<meta name=\"twitter:label1\" content=\"Est. reading time\" \/>\n\t<meta name=\"twitter:data1\" content=\"3 minutes\" \/>\n<script type=\"application\/ld+json\" class=\"yoast-schema-graph\">{\"@context\":\"https:\\\/\\\/schema.org\",\"@graph\":[{\"@type\":\"WebPage\",\"@id\":\"https:\\\/\\\/www.act-thielmann.at\\\/en\\\/products\\\/functional-displays\\\/\",\"url\":\"https:\\\/\\\/www.act-thielmann.at\\\/en\\\/products\\\/functional-displays\\\/\",\"name\":\"ACT GmbH LED-Displays - Functional Displays\",\"isPartOf\":{\"@id\":\"https:\\\/\\\/www.act-thielmann.at\\\/#website\"},\"datePublished\":\"2013-09-25T00:13:31+00:00\",\"breadcrumb\":{\"@id\":\"https:\\\/\\\/www.act-thielmann.at\\\/en\\\/products\\\/functional-displays\\\/#breadcrumb\"},\"inLanguage\":\"en-US\",\"potentialAction\":[{\"@type\":\"ReadAction\",\"target\":[\"https:\\\/\\\/www.act-thielmann.at\\\/en\\\/products\\\/functional-displays\\\/\"]}]},{\"@type\":\"BreadcrumbList\",\"@id\":\"https:\\\/\\\/www.act-thielmann.at\\\/en\\\/products\\\/functional-displays\\\/#breadcrumb\",\"itemListElement\":[{\"@type\":\"ListItem\",\"position\":1,\"name\":\"Startseite\",\"item\":\"https:\\\/\\\/www.act-thielmann.at\\\/en\\\/\"},{\"@type\":\"ListItem\",\"position\":2,\"name\":\"Products\",\"item\":\"https:\\\/\\\/www.act-thielmann.at\\\/en\\\/products\\\/\"},{\"@type\":\"ListItem\",\"position\":3,\"name\":\"Functional Displays\"}]},{\"@type\":\"WebSite\",\"@id\":\"https:\\\/\\\/www.act-thielmann.at\\\/#website\",\"url\":\"https:\\\/\\\/www.act-thielmann.at\\\/\",\"name\":\"ACT GmbH LED-Displays\",\"description\":\"\",\"publisher\":{\"@id\":\"https:\\\/\\\/www.act-thielmann.at\\\/#organization\"},\"potentialAction\":[{\"@type\":\"SearchAction\",\"target\":{\"@type\":\"EntryPoint\",\"urlTemplate\":\"https:\\\/\\\/www.act-thielmann.at\\\/?s={search_term_string}\"},\"query-input\":{\"@type\":\"PropertyValueSpecification\",\"valueRequired\":true,\"valueName\":\"search_term_string\"}}],\"inLanguage\":\"en-US\"},{\"@type\":\"Organization\",\"@id\":\"https:\\\/\\\/www.act-thielmann.at\\\/#organization\",\"name\":\"ACT Anzeige- & Informationstechnik GmbH.\",\"url\":\"https:\\\/\\\/www.act-thielmann.at\\\/\",\"logo\":{\"@type\":\"ImageObject\",\"inLanguage\":\"en-US\",\"@id\":\"https:\\\/\\\/www.act-thielmann.at\\\/#\\\/schema\\\/logo\\\/image\\\/\",\"url\":\"https:\\\/\\\/www.act-thielmann.at\\\/wp\\\/wp-content\\\/uploads\\\/2023\\\/02\\\/ACT_logo_dunkel_600x600.jpg\",\"contentUrl\":\"https:\\\/\\\/www.act-thielmann.at\\\/wp\\\/wp-content\\\/uploads\\\/2023\\\/02\\\/ACT_logo_dunkel_600x600.jpg\",\"width\":600,\"height\":600,\"caption\":\"ACT Anzeige- & Informationstechnik GmbH.\"},\"image\":{\"@id\":\"https:\\\/\\\/www.act-thielmann.at\\\/#\\\/schema\\\/logo\\\/image\\\/\"},\"sameAs\":[\"https:\\\/\\\/www.facebook.com\\\/videowand\",\"https:\\\/\\\/x.com\\\/videowand\"]}]}<\/script>\n<!-- \/ Yoast SEO Premium plugin. -->","yoast_head_json":{"title":"ACT GmbH LED-Displays - Functional Displays","robots":{"index":"index","follow":"follow","max-snippet":"max-snippet:-1","max-image-preview":"max-image-preview:large","max-video-preview":"max-video-preview:-1"},"canonical":"https:\/\/www.act-thielmann.at\/en\/products\/functional-displays\/","og_locale":"en_US","og_type":"article","og_title":"Functional Displays","og_url":"https:\/\/www.act-thielmann.at\/en\/products\/functional-displays\/","og_site_name":"ACT GmbH LED-Displays","article_publisher":"https:\/\/www.facebook.com\/videowand","og_image":[{"width":1475,"height":803,"url":"https:\/\/www.act-thielmann.at\/wp\/wp-content\/uploads\/2023\/02\/praterdome1.jpg","type":"image\/jpeg"}],"twitter_card":"summary_large_image","twitter_site":"@videowand","twitter_misc":{"Est. reading time":"3 minutes"},"schema":{"@context":"https:\/\/schema.org","@graph":[{"@type":"WebPage","@id":"https:\/\/www.act-thielmann.at\/en\/products\/functional-displays\/","url":"https:\/\/www.act-thielmann.at\/en\/products\/functional-displays\/","name":"ACT GmbH LED-Displays - Functional Displays","isPartOf":{"@id":"https:\/\/www.act-thielmann.at\/#website"},"datePublished":"2013-09-25T00:13:31+00:00","breadcrumb":{"@id":"https:\/\/www.act-thielmann.at\/en\/products\/functional-displays\/#breadcrumb"},"inLanguage":"en-US","potentialAction":[{"@type":"ReadAction","target":["https:\/\/www.act-thielmann.at\/en\/products\/functional-displays\/"]}]},{"@type":"BreadcrumbList","@id":"https:\/\/www.act-thielmann.at\/en\/products\/functional-displays\/#breadcrumb","itemListElement":[{"@type":"ListItem","position":1,"name":"Startseite","item":"https:\/\/www.act-thielmann.at\/en\/"},{"@type":"ListItem","position":2,"name":"Products","item":"https:\/\/www.act-thielmann.at\/en\/products\/"},{"@type":"ListItem","position":3,"name":"Functional Displays"}]},{"@type":"WebSite","@id":"https:\/\/www.act-thielmann.at\/#website","url":"https:\/\/www.act-thielmann.at\/","name":"ACT GmbH LED-Displays","description":"","publisher":{"@id":"https:\/\/www.act-thielmann.at\/#organization"},"potentialAction":[{"@type":"SearchAction","target":{"@type":"EntryPoint","urlTemplate":"https:\/\/www.act-thielmann.at\/?s={search_term_string}"},"query-input":{"@type":"PropertyValueSpecification","valueRequired":true,"valueName":"search_term_string"}}],"inLanguage":"en-US"},{"@type":"Organization","@id":"https:\/\/www.act-thielmann.at\/#organization","name":"ACT Anzeige- & Informationstechnik GmbH.","url":"https:\/\/www.act-thielmann.at\/","logo":{"@type":"ImageObject","inLanguage":"en-US","@id":"https:\/\/www.act-thielmann.at\/#\/schema\/logo\/image\/","url":"https:\/\/www.act-thielmann.at\/wp\/wp-content\/uploads\/2023\/02\/ACT_logo_dunkel_600x600.jpg","contentUrl":"https:\/\/www.act-thielmann.at\/wp\/wp-content\/uploads\/2023\/02\/ACT_logo_dunkel_600x600.jpg","width":600,"height":600,"caption":"ACT Anzeige- & Informationstechnik GmbH."},"image":{"@id":"https:\/\/www.act-thielmann.at\/#\/schema\/logo\/image\/"},"sameAs":["https:\/\/www.facebook.com\/videowand","https:\/\/x.com\/videowand"]}]}},"amp_enabled":true,"_links":{"self":[{"href":"https:\/\/www.act-thielmann.at\/en\/wp-json\/wp\/v2\/pages\/24660","targetHints":{"allow":["GET"]}}],"collection":[{"href":"https:\/\/www.act-thielmann.at\/en\/wp-json\/wp\/v2\/pages"}],"about":[{"href":"https:\/\/www.act-thielmann.at\/en\/wp-json\/wp\/v2\/types\/page"}],"author":[{"embeddable":true,"href":"https:\/\/www.act-thielmann.at\/en\/wp-json\/wp\/v2\/users\/6"}],"replies":[{"embeddable":true,"href":"https:\/\/www.act-thielmann.at\/en\/wp-json\/wp\/v2\/comments?post=24660"}],"version-history":[{"count":0,"href":"https:\/\/www.act-thielmann.at\/en\/wp-json\/wp\/v2\/pages\/24660\/revisions"}],"up":[{"embeddable":true,"href":"https:\/\/www.act-thielmann.at\/en\/wp-json\/wp\/v2\/pages\/24611"}],"wp:attachment":[{"href":"https:\/\/www.act-thielmann.at\/en\/wp-json\/wp\/v2\/media?parent=24660"}],"wp:term":[{"taxonomy":"news","embeddable":true,"href":"https:\/\/www.act-thielmann.at\/en\/wp-json\/wp\/v2\/news?post=24660"}],"curies":[{"name":"wp","href":"https:\/\/api.w.org\/{rel}","templated":true}]}}